{"id":6799,"date":"2020-04-13T17:20:52","date_gmt":"2020-04-13T17:20:52","guid":{"rendered":"https:\/\/homesland.vn\/blog\/?page_id=6799"},"modified":"2022-06-09T02:08:32","modified_gmt":"2022-06-09T02:08:32","slug":"cho-thue-chung-cu-green-pearl","status":"publish","type":"page","link":"https:\/\/homesland.vn\/blog\/cho-thue-chung-cu-green-pearl","title":{"rendered":"Cho thu\u00ea Green Pearl Minh Khai"},"content":{"rendered":"<p><!-- \/wp:group --><\/p>\n<div style=\"border: 0px dashed red; margin: 10px 0px; border-radius: 5px; padding: 10px; background-color: #ffffc8;\">\n<p><span style=\"color: #ff0000; font-size: 12pt;\"><strong>Cho thu\u00ea chung c\u01b0 Green Pearl Minh Khai. Hi\u1ec7n nay c\u00f3 r\u1ea5t nhi\u1ec1u c\u0103n h\u1ed9 c\u1ee7a ch\u1ee7 nh\u00e0 c\u00f2n tr\u1ed1ng c\u1ea7n cho c\u00e1c h\u1ed9 gia \u0111\u00ecnh v\u00e0 ng\u01b0\u1eddi n\u01b0\u1edbc ngo\u00e0i c\u00f3 nhu c\u1ea7u thu\u00ea.<\/strong><\/span><\/p>\n<ul>\n<li><span style=\"font-size: 12pt;\">C\u0103n h\u1ed9 thi\u1ebft k\u1ebf \u0111a d\u1ea1ng g\u1ed3m nhi\u1ec1u lo\u1ea1i di\u1ec7n t\u00edch: 57m2 \u2013 105m2 (b\u1ed1 tr\u00ed 02 ho\u1eb7c 03 ph\u00f2ng ng\u1ee7)<\/span><\/li>\n<li><strong style=\"font-size: 12pt;\">N\u1ed9i th\u1ea5t nguy\u00ean b\u1ea3n C\u0110T<\/strong><span style=\"font-size: 12pt;\">: s\u00e0n g\u1ed7, n\u00f3ng l\u1ea1nh, \u0111i\u1ec1u h\u00f2a, t\u1ee7 b\u1ebfp, t\u1ee7 qu\u1ea7n \u00e1o, r\u00e8m c\u1eeda.<\/span><\/li>\n<li><span style=\"font-size: 12pt;\"><strong>N\u1ed9i th\u1ea5t \u0111\u1ea7y \u0111\u1ee7<\/strong>: Tivi, gi\u01b0\u1eddng, t\u1ee7, Salon, m\u00e1y gi\u1eb7t\u2026 \u0111\u00e3 thi\u1ebft k\u1ebf l\u1ea1i \u0111\u1eb9p v\u00e0 hi\u1ec7n \u0111\u1ea1i.<\/span><\/li>\n<li><span style=\"font-size: 12pt;\">Gi\u00e1 thu\u00ea t\u1eeb: 10 tri\u1ec7u\/th\u00e1ng<\/span><\/li>\n<\/ul>\n<p><span style=\"font-size: 12pt;\"><strong>\u0110\u1ec3 \u0111\u01b0\u1ee3c t\u01b0 v\u1ea5n ch\u1ecdn c\u0103n, t\u1ea7ng ho\u1eb7c h\u01b0\u1edbng ph\u00f9 h\u1ee3p v\u00e0 \u0111i xem c\u0103n h\u1ed9 th\u1ef1c t\u1ebf, Qu\u00fd kh\u00e1ch h\u00e0ng vui l\u00f2ng li\u00ean h\u1ec7:<\/strong><\/span><\/p>\n<p style=\"text-align: center;\"><span style=\"font-size: 18pt;\"><strong><span style=\"color: #ff0000;\">HOTLINE:<\/span> <a href=\"tel:0966243999\">0966 243 999<\/a><\/strong><\/span> <span style=\"color: #0000ff;\"><em>( H\u1ed7 tr\u1ee3 t\u01b0 v\u1ea5n kh\u00e1ch h\u00e0ng 24\/7 )<\/em><\/span><\/p>\n<\/div>\n<h2><span style=\"text-decoration: underline; font-size: 18pt; color: #ff0000;\"><strong>B\u1ea3ng gi\u00e1 Cho thu\u00ea chung c\u01b0 Green Pearl:<\/strong><\/span><\/h2>\n\n<table id=\"tablepress-58\" class=\"tablepress tablepress-id-58\">\n<thead>\n<tr class=\"row-1 odd\">\n\t<th class=\"column-1\">P.NG\u1ee6<\/th><th class=\"column-2\">DI\u1ec6N T\u00cdCH<\/th><th class=\"column-3\">BAN C\u00d4NG<\/th><th class=\"column-4\">GI\u00c1 B\u00c1N<\/th>\n<\/tr>\n<\/thead>\n<tbody class=\"row-hover\">\n<tr class=\"row-2 even\">\n\t<td rowspan=\"8\" class=\"column-1\"><b>2<\/b><\/td><td rowspan=\"2\" class=\"column-2\">57,91 m2<\/td><td class=\"column-3\">\u0110\u00f4ng b\u1eafc<\/td><td class=\"column-4\">2,25 t\u1ef7<\/td>\n<\/tr>\n<tr class=\"row-3 odd\">\n\t<td class=\"column-3\">T\u00e2y nam<\/td><td class=\"column-4\">2,1 t\u1ef7<\/td>\n<\/tr>\n<tr class=\"row-4 even\">\n\t<td rowspan=\"2\" class=\"column-2\">73,66 m2<\/td><td class=\"column-3\">\u0110\u00f4ng b\u1eafc<\/td><td class=\"column-4\">2,65 t\u1ef7<\/td>\n<\/tr>\n<tr class=\"row-5 odd\">\n\t<td class=\"column-3\">T\u00e2y nam<\/td><td class=\"column-4\">2,55 t\u1ef7<\/td>\n<\/tr>\n<tr class=\"row-6 even\">\n\t<td rowspan=\"2\" class=\"column-2\">75,04 m2<\/td><td class=\"column-3\">T\u00e2y nam<\/td><td class=\"column-4\">2,7 t\u1ef7<\/td>\n<\/tr>\n<tr class=\"row-7 odd\">\n\t<td class=\"column-3\">\u0110\u00f4ng b\u1eafc<\/td><td class=\"column-4\">2,75 t\u1ef7<\/td>\n<\/tr>\n<tr class=\"row-8 even\">\n\t<td rowspan=\"2\" class=\"column-2\">81,74 m2<\/td><td class=\"column-3\">T\u00e2y b\u1eafc<\/td><td class=\"column-4\">3,1 t\u1ef7<\/td>\n<\/tr>\n<tr class=\"row-9 odd\">\n\t<td class=\"column-3\">\u0110\u00f4ng nam<\/td><td class=\"column-4\">3,2 t\u1ef7<\/td>\n<\/tr>\n<tr class=\"row-10 even\">\n\t<td rowspan=\"6\" class=\"column-1\"><b>3<\/b><\/td><td rowspan=\"2\" class=\"column-2\">87,97 m2<\/td><td class=\"column-3\">T\u00e2y nam<\/td><td class=\"column-4\">3,65 t\u1ef7<\/td>\n<\/tr>\n<tr class=\"row-11 odd\">\n\t<td class=\"column-3\">\u0110\u00f4ng b\u1eafc<\/td><td class=\"column-4\">3,7 t\u1ef7<\/td>\n<\/tr>\n<tr class=\"row-12 even\">\n\t<td rowspan=\"2\" class=\"column-2\">98 m2<\/td><td class=\"column-3\">\u0110\u00f4ng nam<\/td><td class=\"column-4\">4,1 t\u1ef7<\/td>\n<\/tr>\n<tr class=\"row-13 odd\">\n\t<td class=\"column-3\">T\u00e2y b\u1eafc<\/td><td class=\"column-4\">4,1 t\u1ef7<\/td>\n<\/tr>\n<tr class=\"row-14 even\">\n\t<td rowspan=\"2\" class=\"column-2\">105 m2<\/td><td class=\"column-3\">\u0110\u00f4ng b\u1eafc<\/td><td class=\"column-4\">4,5 t\u1ef7<\/td>\n<\/tr>\n<tr class=\"row-15 odd\">\n\t<td class=\"column-3\">T\u00e2y nam<\/td><td class=\"column-4\">4,3 t\u1ef7<\/td>\n<\/tr>\n<\/tbody>\n<\/table>\n<!-- #tablepress-58 from cache -->\n<p style=\"text-align: center;\"><span style=\"font-size: 18pt;\"><strong><span style=\"color: #ff0000;\">HOTLINE:<\/span> <a href=\"tel:0966243999\">0966 243 999<\/a><\/strong><\/span><\/p>\n<div id=\"attachment_6664\" style=\"width: 1010px\" class=\"wp-caption aligncenter\"><img aria-describedby=\"caption-attachment-6664\" decoding=\"async\" loading=\"lazy\" class=\"size-full wp-image-6664\" src=\"https:\/\/homesland.vn\/blog\/wp-content\/uploads\/2020\/03\/phoi-canh-du-an-378-minh-khai.jpg\" alt=\"D\u1ef1 \u00e1n Green Pearl 378 Minh Khai\" width=\"1000\" height=\"433\" srcset=\"https:\/\/homesland.vn\/blog\/wp-content\/uploads\/2020\/03\/phoi-canh-du-an-378-minh-khai.jpg 1000w, https:\/\/homesland.vn\/blog\/wp-content\/uploads\/2020\/03\/phoi-canh-du-an-378-minh-khai-300x130.jpg 300w, https:\/\/homesland.vn\/blog\/wp-content\/uploads\/2020\/03\/phoi-canh-du-an-378-minh-khai-768x333.jpg 768w\" sizes=\"(max-width: 1000px) 100vw, 1000px\" \/><p id=\"caption-attachment-6664\" class=\"wp-caption-text\">D\u1ef1 \u00e1n Chung c\u01b0 Green Pearl 378 Minh Khai<\/p><\/div>\n<h2><span style=\"font-size: 18pt;\"><strong><span style=\"color: #ff0000;\">Gi\u1edbi thi\u1ec7u d\u1ef1 \u00e1n Green Pearl Minh Khai<\/span><\/strong><\/span><\/h2>\n<ul>\n<li>Di\u1ec7n t\u00edch x\u00e2y d\u1ef1ng l\u00e0 90.453m2.<\/li>\n<li>M\u1eadt \u0111\u1ed9 x\u00e2y d\u1ef1ng th\u00f4ng tho\u00e1ng, kho\u1ea3ng 37.31%.<\/li>\n<li>C\u00e1c kh\u00f4ng gian sinh ho\u1ea1t chung \u0111\u1ec1u \u0111\u01b0\u1ee3c ph\u1ee7 c\u00e2y xanh t\u1ef1 nhi\u00ean nh\u1eb1m t\u1ea1o ra b\u1ea7u kh\u00f4ng kh\u00ed trong l\u00e0nh, t\u01b0\u01a1i m\u1edbi cho c\u01b0 d\u00e2n t\u1ea1i \u0111\u00e2y.<\/li>\n<li>Chung c\u01b0 Green Pearl cao 21 t\u1ea7ng:\n<ul>\n<li>S\u1ed1 l\u01b0\u1ee3ng c\u0103n h\u1ed9 l\u00e0 504 c\u0103n\/2 t\u00f2a.<\/li>\n<li>T\u1ed5ng di\u1ec7n t\u00edch \u0111\u1ea5t quy ho\u1ea1ch chung c\u01b0 l\u00e0 10.3334m2.<\/li>\n<\/ul>\n<\/li>\n<\/ul>\n<h3><span style=\"color: #008000;\"><strong>V\u1ecb tr\u00ed d\u1ef1 \u00e1n Green Pearl<\/strong><\/span><\/h3>\n<p>T\u1ecda l\u1ea1c t\u1ea1i khu v\u1ef1c trung t\u00e2m th\u00e0nh ph\u1ed1, d\u1ef1 \u00e1n c\u0103n h\u1ed9 Green Pearl Minh Khai n\u1eb1m tr\u00ean tuy\u1ebfn \u0111\u01b0\u1eddng huy\u1ebft m\u1ea1ch, t\u1eadp trung \u0111\u00f4ng \u0111\u00fac c\u00e1c \u0111\u1ecba \u0111i\u1ec3m vui ch\u01a1i gi\u1ea3i tr\u00ed v\u00e0 khu v\u1ef1c v\u0103n ph\u00f2ng. V\u1ecb tr\u00ed \u201cv\u00e0ng\u201d k\u1ebft n\u1ed1i c\u01b0 d\u00e2n t\u1edbi c\u00e1c \u0111\u1ecba \u0111i\u1ec3m c\u1eeda ng\u00f5 Th\u1ee7 \u0111\u00f4.<\/p>\n<p><img decoding=\"async\" loading=\"lazy\" class=\"aligncenter size-full wp-image-6662\" src=\"https:\/\/homesland.vn\/blog\/wp-content\/uploads\/2020\/03\/vi-tri-green-pearl-minh-khai.jpg\" alt=\"v\u1ecb tr\u00ed d\u1ef1 \u00e1n green pearl minh khai\" width=\"980\" height=\"317\" srcset=\"https:\/\/homesland.vn\/blog\/wp-content\/uploads\/2020\/03\/vi-tri-green-pearl-minh-khai.jpg 980w, https:\/\/homesland.vn\/blog\/wp-content\/uploads\/2020\/03\/vi-tri-green-pearl-minh-khai-300x97.jpg 300w, https:\/\/homesland.vn\/blog\/wp-content\/uploads\/2020\/03\/vi-tri-green-pearl-minh-khai-768x248.jpg 768w\" sizes=\"(max-width: 980px) 100vw, 980px\" \/>T\u1eeb \u0111\u1ecba ch\u1ec9 d\u1ef1 \u00e1n t\u1ea1i 378 Minh Khai c\u01b0 d\u00e2n di chuy\u1ec3n thu\u1eadn ti\u1ec7n v\u00e0 d\u1ec5 d\u00e0ng:<\/p>\n<ul>\n<li>C\u01b0 d\u00e2n m\u1ea5t kho\u1ea3ng 15 ph\u00fat di chuy\u1ec3n t\u1edbi H\u1ed3 G\u01b0\u01a1m<\/li>\n<li>2 ph\u00fat \u0111i t\u1edbi Times City,<\/li>\n<li>13 ph\u00fat t\u1edbi b\u1ec7nh vi\u1ec7n B\u1ea1ch Mai.<\/li>\n<li>20 ph\u00fat \u0111\u1ec3 t\u1edbi khu\u00f4n vi\u00ean tr\u01b0\u1eddng \u0111\u1ea1i h\u1ecdc g\u1ea7n nh\u1ea5t \u2013 \u0111\u1ea1i h\u1ecdc B\u00e1ch Khoa H\u00e0 N\u1ed9i.<\/li>\n<\/ul>\n<h2><span style=\"text-decoration: underline; color: #ff0000; font-size: 18pt;\"><strong>V\u00ec sao n\u00ean ch\u1ecdn ch\u00fang t\u00f4i t\u01b0 v\u1ea5n thu\u00ea Green Pearl<\/strong><\/span><\/h2>\n<ul>\n<li>V\u1edbi tr\u00ean 8 n\u0103m kinh nghi\u1ec7m t\u01b0 v\u1ea5n b\u1ea5t \u0111\u1ed9ng s\u1ea3n t\u1ea1i H\u00e0 N\u1ed9i<\/li>\n<li>\u0110\u1ed9i ng\u0169 t\u01b0 v\u1ea5n vi\u00ean chuy\u00ean nghi\u1ec7p &amp; nhi\u1ec7t t\u00ecnh<\/li>\n<li>Qu\u1ef9 c\u0103n h\u1ed9 c\u1eadp nh\u1eadt li\u00ean t\u1ee5c n\u00ean th\u00f4ng tin ch\u00ednh x\u00e1c nh\u1ea5t (tr\u00e1nh l\u00e0m m\u1ea5t th\u1eddi gian c\u1ee7a b\u1ea1n)<\/li>\n<li>H\u1ed7 tr\u1ee3 b\u1ea1n \u0111\u00e0m ph\u00e1n gi\u00e1 tr\u1ef1c ti\u1ebfp v\u1edbi ch\u1ee7 nh\u00e0.<\/li>\n<li>Mi\u1ec5n ph\u00ed m\u00f4i gi\u1edbi 100%<\/li>\n<\/ul>\n<div class=\"su-quote su-quote-style-default\"><div class=\"su-quote-inner su-u-clearfix su-u-trim\"><a href=\"https:\/\/homesland.vn\/blog\/ban-chung-cu-green-pearl-minh-khai\" target=\"_blank\" rel=\"noopener noreferrer\">B\u00e1n chung c\u01b0 Green Pearl 387 Minh Khai<\/a><\/div><\/div>\n<p style=\"text-align: justify;\">Ngo\u00e0i d\u1ef1 \u00e1n Hinode City ch\u00fang t\u00f4i c\u0169ng \u0111ang ph\u00e2n ph\u1ed1i c\u00e1c d\u1ef1 \u00e1n l\u00e2n c\u1eadn \u0111\u01b0\u1eddng Minh Khai nh\u01b0: <a href=\"https:\/\/homesland.vn\/blog\/cho-thue-can-ho-hinode-city\" target=\"_blank\" rel=\"noopener noreferrer\">Cho thu\u00ea Hinode City Minh Khai<\/a> hay <a href=\"http:\/\/homesland.vn\/cho-thue-imperia-sky-garden\" target=\"_blank\" rel=\"noopener noreferrer\">Cho thu\u00ea Imperia Sky Garden<\/a><\/p>\n<p style=\"text-align: justify;\"><strong>H\u00e3y li\u00ean h\u1ec7 ngay v\u1edbi ch\u00fang t\u00f4i \u0111\u1ec3 \u0111\u01b0\u1ee3c t\u01b0 v\u1ea5n &amp; d\u1eabn Qu\u00fd kh\u00e1ch \u0111i xem c\u0103n h\u1ed9:<\/strong><\/p>\n<p style=\"text-align: justify;\"><span style=\"font-size: 18pt;\"><strong><span style=\"color: #ff0000;\">HOTLINE:<\/span><span style=\"color: #ff0000;\"> HOTLINE: <a href=\"tel:0966243999\">0966 243 999<\/a> <\/span><span style=\"color: #008000;\">(Mr. Ho\u00e0ng)<\/span><\/strong><\/span><\/p>\n","protected":false},"excerpt":{"rendered":"<p>Cho thu\u00ea chung c\u01b0 Green Pearl Minh Khai. Hi\u1ec7n nay c\u00f3 r\u1ea5t nhi\u1ec1u c\u0103n h\u1ed9 c\u1ee7a ch\u1ee7 nh\u00e0 c\u00f2n tr\u1ed1ng c\u1ea7n cho c\u00e1c h\u1ed9 gia \u0111\u00ecnh v\u00e0 ng\u01b0\u1eddi n\u01b0\u1edbc ngo\u00e0i c\u00f3 nhu c\u1ea7u thu\u00ea. C\u0103n h\u1ed9 thi\u1ebft k\u1ebf \u0111a d\u1ea1ng g\u1ed3m nhi\u1ec1u lo\u1ea1i di\u1ec7n t\u00edch: 57m2 \u2013 105m2 (b\u1ed1 tr\u00ed 02 ho\u1eb7c 03 ph\u00f2ng ng\u1ee7) N\u1ed9i th\u1ea5t nguy\u00ean b\u1ea3n C\u0110T: s\u00e0n g\u1ed7, n\u00f3ng l\u1ea1nh, \u0111i\u1ec1u h\u00f2a, t\u1ee7 b\u1ebfp, t\u1ee7 qu\u1ea7n \u00e1o, r\u00e8m c\u1eeda. N\u1ed9i th\u1ea5t \u0111\u1ea7y \u0111\u1ee7: Tivi, gi\u01b0\u1eddng, t\u1ee7, Salon, m\u00e1y gi\u1eb7t\u2026 \u0111\u00e3 thi\u1ebft k\u1ebf l\u1ea1i \u0111\u1eb9p v\u00e0 hi\u1ec7n \u0111\u1ea1i. Gi\u00e1 thu\u00ea t\u1eeb: 10 tri\u1ec7u\/th\u00e1ng \u0110\u1ec3 \u0111\u01b0\u1ee3c t\u01b0 v\u1ea5n <\/p>\n","protected":false},"author":3,"featured_media":6731,"parent":0,"menu_order":0,"comment_status":"closed","ping_status":"closed","template":"","meta":[],"yoast_head":"<!-- This site is optimized with the Yoast SEO plugin v19.13 - https:\/\/yoast.com\/wordpress\/plugins\/seo\/ -->\n<title>Cho thu\u00ea chung c\u01b0 Green Pearl Minh Khai - [Gi\u00e1 thu\u00ea t\u1eeb 10 Tri\u1ec7u\/th\u00e1ng]<\/title>\n<meta name=\"description\" content=\"Cho thu\u00ea chung c\u01b0 Green Pearl 378 Minh Khai. C\u0103n h\u1ed9 2 - 3 ph\u00f2ng ng\u1ee7. Di\u1ec7n t\u00edch \u0111a d\u1ea1ng. Gi\u00e1 thu\u00ea ch\u1ec9 t\u1eeb 10 Tri\u1ec7u\/th\u00e1ng. Xem Nh\u00e0 Ngay H\u00f4m Nay!\" \/>\n<meta name=\"robots\" content=\"index, follow, max-snippet:-1, max-image-preview:large, max-video-preview:-1\" \/>\n<link rel=\"canonical\" href=\"https:\/\/homesland.vn\/blog\/cho-thue-chung-cu-green-pearl\" \/>\n<meta property=\"og:locale\" content=\"vi_VN\" \/>\n<meta property=\"og:type\" content=\"article\" \/>\n<meta property=\"og:title\" content=\"Cho thu\u00ea chung c\u01b0 Green Pearl Minh Khai - [Gi\u00e1 thu\u00ea t\u1eeb 10 Tri\u1ec7u\/th\u00e1ng]\" \/>\n<meta property=\"og:description\" content=\"Cho thu\u00ea chung c\u01b0 Green Pearl 378 Minh Khai. C\u0103n h\u1ed9 2 - 3 ph\u00f2ng ng\u1ee7. Di\u1ec7n t\u00edch \u0111a d\u1ea1ng. Gi\u00e1 thu\u00ea ch\u1ec9 t\u1eeb 10 Tri\u1ec7u\/th\u00e1ng. Xem Nh\u00e0 Ngay H\u00f4m Nay!\" \/>\n<meta property=\"og:url\" content=\"https:\/\/homesland.vn\/blog\/cho-thue-chung-cu-green-pearl\" \/>\n<meta property=\"og:site_name\" content=\"HOMESLAND\" \/>\n<meta property=\"article:modified_time\" content=\"2022-06-09T02:08:32+00:00\" \/>\n<meta property=\"og:image\" content=\"https:\/\/homesland.vn\/blog\/wp-content\/uploads\/2020\/04\/green-peal-250x150.png\" \/>\n\t<meta property=\"og:image:width\" content=\"250\" \/>\n\t<meta property=\"og:image:height\" content=\"150\" \/>\n\t<meta property=\"og:image:type\" content=\"image\/png\" \/>\n<meta name=\"twitter:card\" content=\"summary_large_image\" \/>\n<meta name=\"twitter:label1\" content=\"\u01af\u1edbc t\u00ednh th\u1eddi gian \u0111\u1ecdc\" \/>\n\t<meta name=\"twitter:data1\" content=\"3 ph\u00fat\" \/>\n<script type=\"application\/ld+json\" class=\"yoast-schema-graph\">{\"@context\":\"https:\/\/schema.org\",\"@graph\":[{\"@type\":\"WebPage\",\"@id\":\"https:\/\/homesland.vn\/blog\/cho-thue-chung-cu-green-pearl\",\"url\":\"https:\/\/homesland.vn\/blog\/cho-thue-chung-cu-green-pearl\",\"name\":\"Cho thu\u00ea chung c\u01b0 Green Pearl Minh Khai - [Gi\u00e1 thu\u00ea t\u1eeb 10 Tri\u1ec7u\/th\u00e1ng]\",\"isPartOf\":{\"@id\":\"https:\/\/homesland.vn\/blog\/#website\"},\"datePublished\":\"2020-04-13T17:20:52+00:00\",\"dateModified\":\"2022-06-09T02:08:32+00:00\",\"description\":\"Cho thu\u00ea chung c\u01b0 Green Pearl 378 Minh Khai. C\u0103n h\u1ed9 2 - 3 ph\u00f2ng ng\u1ee7. Di\u1ec7n t\u00edch \u0111a d\u1ea1ng. Gi\u00e1 thu\u00ea ch\u1ec9 t\u1eeb 10 Tri\u1ec7u\/th\u00e1ng. Xem Nh\u00e0 Ngay H\u00f4m Nay!\",\"breadcrumb\":{\"@id\":\"https:\/\/homesland.vn\/blog\/cho-thue-chung-cu-green-pearl#breadcrumb\"},\"inLanguage\":\"vi\",\"potentialAction\":[{\"@type\":\"ReadAction\",\"target\":[\"https:\/\/homesland.vn\/blog\/cho-thue-chung-cu-green-pearl\"]}]},{\"@type\":\"BreadcrumbList\",\"@id\":\"https:\/\/homesland.vn\/blog\/cho-thue-chung-cu-green-pearl#breadcrumb\",\"itemListElement\":[{\"@type\":\"ListItem\",\"position\":1,\"name\":\"Home\",\"item\":\"https:\/\/homesland.vn\/blog\/\"},{\"@type\":\"ListItem\",\"position\":2,\"name\":\"Cho thu\u00ea Green Pearl Minh Khai\"}]},{\"@type\":\"WebSite\",\"@id\":\"https:\/\/homesland.vn\/blog\/#website\",\"url\":\"https:\/\/homesland.vn\/blog\/\",\"name\":\"HOMESLAND\",\"description\":\"Real Estale\",\"potentialAction\":[{\"@type\":\"SearchAction\",\"target\":{\"@type\":\"EntryPoint\",\"urlTemplate\":\"https:\/\/homesland.vn\/blog\/?s={search_term_string}\"},\"query-input\":\"required name=search_term_string\"}],\"inLanguage\":\"vi\"}]}<\/script>\n<!-- \/ Yoast SEO plugin. -->","yoast_head_json":{"title":"Cho thu\u00ea chung c\u01b0 Green Pearl Minh Khai - [Gi\u00e1 thu\u00ea t\u1eeb 10 Tri\u1ec7u\/th\u00e1ng]","description":"Cho thu\u00ea chung c\u01b0 Green Pearl 378 Minh Khai. C\u0103n h\u1ed9 2 - 3 ph\u00f2ng ng\u1ee7. Di\u1ec7n t\u00edch \u0111a d\u1ea1ng. Gi\u00e1 thu\u00ea ch\u1ec9 t\u1eeb 10 Tri\u1ec7u\/th\u00e1ng. Xem Nh\u00e0 Ngay H\u00f4m Nay!","robots":{"index":"index","follow":"follow","max-snippet":"max-snippet:-1","max-image-preview":"max-image-preview:large","max-video-preview":"max-video-preview:-1"},"canonical":"https:\/\/homesland.vn\/blog\/cho-thue-chung-cu-green-pearl","og_locale":"vi_VN","og_type":"article","og_title":"Cho thu\u00ea chung c\u01b0 Green Pearl Minh Khai - [Gi\u00e1 thu\u00ea t\u1eeb 10 Tri\u1ec7u\/th\u00e1ng]","og_description":"Cho thu\u00ea chung c\u01b0 Green Pearl 378 Minh Khai. C\u0103n h\u1ed9 2 - 3 ph\u00f2ng ng\u1ee7. Di\u1ec7n t\u00edch \u0111a d\u1ea1ng. Gi\u00e1 thu\u00ea ch\u1ec9 t\u1eeb 10 Tri\u1ec7u\/th\u00e1ng. Xem Nh\u00e0 Ngay H\u00f4m Nay!","og_url":"https:\/\/homesland.vn\/blog\/cho-thue-chung-cu-green-pearl","og_site_name":"HOMESLAND","article_modified_time":"2022-06-09T02:08:32+00:00","og_image":[{"width":250,"height":150,"url":"https:\/\/homesland.vn\/blog\/wp-content\/uploads\/2020\/04\/green-peal-250x150.png","type":"image\/png"}],"twitter_card":"summary_large_image","twitter_misc":{"\u01af\u1edbc t\u00ednh th\u1eddi gian \u0111\u1ecdc":"3 ph\u00fat"},"schema":{"@context":"https:\/\/schema.org","@graph":[{"@type":"WebPage","@id":"https:\/\/homesland.vn\/blog\/cho-thue-chung-cu-green-pearl","url":"https:\/\/homesland.vn\/blog\/cho-thue-chung-cu-green-pearl","name":"Cho thu\u00ea chung c\u01b0 Green Pearl Minh Khai - [Gi\u00e1 thu\u00ea t\u1eeb 10 Tri\u1ec7u\/th\u00e1ng]","isPartOf":{"@id":"https:\/\/homesland.vn\/blog\/#website"},"datePublished":"2020-04-13T17:20:52+00:00","dateModified":"2022-06-09T02:08:32+00:00","description":"Cho thu\u00ea chung c\u01b0 Green Pearl 378 Minh Khai. C\u0103n h\u1ed9 2 - 3 ph\u00f2ng ng\u1ee7. Di\u1ec7n t\u00edch \u0111a d\u1ea1ng. Gi\u00e1 thu\u00ea ch\u1ec9 t\u1eeb 10 Tri\u1ec7u\/th\u00e1ng. Xem Nh\u00e0 Ngay H\u00f4m Nay!","breadcrumb":{"@id":"https:\/\/homesland.vn\/blog\/cho-thue-chung-cu-green-pearl#breadcrumb"},"inLanguage":"vi","potentialAction":[{"@type":"ReadAction","target":["https:\/\/homesland.vn\/blog\/cho-thue-chung-cu-green-pearl"]}]},{"@type":"BreadcrumbList","@id":"https:\/\/homesland.vn\/blog\/cho-thue-chung-cu-green-pearl#breadcrumb","itemListElement":[{"@type":"ListItem","position":1,"name":"Home","item":"https:\/\/homesland.vn\/blog\/"},{"@type":"ListItem","position":2,"name":"Cho thu\u00ea Green Pearl Minh Khai"}]},{"@type":"WebSite","@id":"https:\/\/homesland.vn\/blog\/#website","url":"https:\/\/homesland.vn\/blog\/","name":"HOMESLAND","description":"Real Estale","potentialAction":[{"@type":"SearchAction","target":{"@type":"EntryPoint","urlTemplate":"https:\/\/homesland.vn\/blog\/?s={search_term_string}"},"query-input":"required name=search_term_string"}],"inLanguage":"vi"}]}},"_links":{"self":[{"href":"https:\/\/homesland.vn\/blog\/wp-json\/wp\/v2\/pages\/6799"}],"collection":[{"href":"https:\/\/homesland.vn\/blog\/wp-json\/wp\/v2\/pages"}],"about":[{"href":"https:\/\/homesland.vn\/blog\/wp-json\/wp\/v2\/types\/page"}],"author":[{"embeddable":true,"href":"https:\/\/homesland.vn\/blog\/wp-json\/wp\/v2\/users\/3"}],"replies":[{"embeddable":true,"href":"https:\/\/homesland.vn\/blog\/wp-json\/wp\/v2\/comments?post=6799"}],"version-history":[{"count":5,"href":"https:\/\/homesland.vn\/blog\/wp-json\/wp\/v2\/pages\/6799\/revisions"}],"predecessor-version":[{"id":8686,"href":"https:\/\/homesland.vn\/blog\/wp-json\/wp\/v2\/pages\/6799\/revisions\/8686"}],"wp:featuredmedia":[{"embeddable":true,"href":"https:\/\/homesland.vn\/blog\/wp-json\/wp\/v2\/media\/6731"}],"wp:attachment":[{"href":"https:\/\/homesland.vn\/blog\/wp-json\/wp\/v2\/media?parent=6799"}],"curies":[{"name":"wp","href":"https:\/\/api.w.org\/{rel}","templated":true}]}}