{"id":6655,"date":"2020-03-29T14:50:27","date_gmt":"2020-03-29T14:50:27","guid":{"rendered":"http:\/\/homesland.vn\/?page_id=6655"},"modified":"2020-04-13T17:44:35","modified_gmt":"2020-04-13T17:44:35","slug":"du-an-green-pearl-378-minh-khai","status":"publish","type":"page","link":"https:\/\/homesland.vn\/blog\/du-an-green-pearl-378-minh-khai","title":{"rendered":"D\u1ef1 \u00e1n Green Pearl 378 Minh Khai"},"content":{"rendered":"<p style=\"text-align: justify;\"><i><span style=\"font-weight: 400;\">D\u1ef1 \u00e1n Green Pearl 378 Minh Khai \u0111\u01b0a thi\u00ean nhi\u00ean v\u00e0o nh\u1ecbp s\u1ed1ng h\u1ed1i h\u1ea3 \u0111\u00f4 th\u1ecb. D\u1ef1 \u00e1n mang t\u1ea7m v\u00f3c l\u1edbn, bao g\u1ed3m c\u1ea3 lo\u1ea1i h\u00ecnh chung c\u01b0 v\u00e0 bi\u1ec7t th\u1ef1 li\u1ec1n k\u1ec1.<\/span><\/i><\/p>\n<p><img decoding=\"async\" src=\"http:\/\/homesland.vn\/blog\/wp-content\/uploads\/2020\/03\/mat-bang-tong-the-green-pearl.png\" alt=\"m\u1eb7t b\u1eb1ng t\u1ed5ng th\u1ec3 d\u1ef1 \u00e1n green pearl 378 minh khai\" \/><\/p>\n<div id=\"toc_container\" class=\"no_bullets\"><p class=\"toc_title\">N\u1ed9i dung b&agrave;i vi\u1ebft<\/p><ul class=\"toc_list\"><li><a href=\"#Tong_quan_du_an_Green_Pearl_378_Minh_Khai\">T\u1ed5ng quan d\u1ef1 \u00e1n Green Pearl 378 Minh Khai<\/a><\/li><li><a href=\"#Vi_tri_du_an_8211_Huong_nhin_phong_phu_hai_hoa\">V\u1ecb tr\u00ed d\u1ef1 \u00e1n &#8211; H\u01b0\u1edbng nh\u00ecn phong ph\u00fa, h\u00e0i ho\u00e0<\/a><\/li><li><a href=\"#Mat_bang_du_an_8211_Tien_nghi_doc_dao\">M\u1eb7t b\u1eb1ng d\u1ef1 \u00e1n &#8211; Ti\u1ec7n nghi, \u0111\u1ed9c \u0111\u00e1o<\/a><\/li><li><a href=\"#Tien_ich_Green_Pearl_Minh_Khai\">Ti\u1ec7n \u00edch Green Pearl Minh Khai<\/a><\/li><li><a href=\"#Noi_that_can_ho_8211_Tinh_te_nhu_suong_mai\">N\u1ed9i th\u1ea5t c\u0103n h\u1ed9 &#8211; Tinh t\u1ebf nh\u01b0 s\u01b0\u01a1ng mai<\/a><\/li><\/ul><\/div>\n\n<p style=\"text-align: justify;\"><span style=\"font-weight: 400;\">Xu h\u01b0\u1edbng s\u1ed1ng xanh \u0111ang bao tr\u00f9m tr\u00ean b\u1ea3n \u0111\u1ed3 b\u1ea5t \u0111\u1ed9ng s\u1ea3n th\u1ee7 \u0111\u00f4, \u0111\u00f3 l\u00e0 c\u01a1 h\u1ed9i nh\u01b0ng c\u0169ng \u0111em l\u1ea1i kh\u00f4ng \u00edt th\u00e1ch th\u1ee9c cho c\u00e1c nh\u00e0 \u0111\u1ea7u t\u01b0. <\/span><\/p>\n<p style=\"text-align: justify;\"><span style=\"font-weight: 400;\">V\u1edbi s\u1ee9 m\u1ec7nh \u201cth\u1ed5i h\u1ed3n thi\u00ean nhi\u00ean&#8221;, c\u00e2n b\u1eb1ng nh\u1ecbp s\u1ed1ng \u0111\u00f4 th\u1ecb h\u1ed1i h\u1ea3, <strong>d\u1ef1 \u00e1n Green Pearl 378 Minh Khai<\/strong> \u0111em \u0111\u1ebfn kh\u00f4ng gian s\u1ed1ng xanh &#8211; kh\u1ecfe &#8211; l\u00e0nh m\u1ea1nh v\u00e0 l\u00e0 s\u1ef1 l\u1ef1a ch\u1ecdn t\u1ed1i \u01b0u cho m\u1ecdi \u0111\u1ed1i t\u01b0\u1ee3ng kh\u00e1ch h\u00e0ng.\u00a0\u00a0<\/span><\/p>\n<h2><span id=\"Tong_quan_du_an_Green_Pearl_378_Minh_Khai\"><span style=\"font-size: 18pt; color: #008000;\"><b>T\u1ed5ng quan d\u1ef1 \u00e1n Green Pearl 378 Minh Khai<\/b><\/span><\/span><\/h2>\n<p style=\"text-align: justify;\"><span style=\"font-weight: 400;\">Thu h\u00fat nh\u00e0 \u0111\u1ea7u t\u01b0 v\u00e0 ng\u01b0\u1eddi s\u1eed d\u1ee5ng v\u1edbi kh\u00f4ng gian m\u1edf, tho\u00e1ng \u0111\u00e3ng v\u00e0 thanh l\u1ecdc b\u1ea7u kh\u00ed quy\u1ec3n, d\u1ef1 \u00e1n Green Pearl \u0111\u01b0\u1ee3c x\u00e2y d\u1ef1ng v\u00e0 ho\u00e0n thi\u1ec7n ngay t\u1ea1i v\u1ecb tr\u00ed trung t\u00e2m \u0111\u1eafc \u0111\u1ecba c\u1ee7a H\u00e0 N\u1ed9i. <\/span><\/p>\n<p style=\"text-align: justify;\"><span style=\"font-weight: 400;\">Ch\u1ee7 \u0111\u1ea7u t\u01b0 ch\u00ednh c\u1ee7a d\u1ef1 \u00e1n t\u1ed5 h\u1ee3p chung c\u01b0 Green Pearl Minh Khai v\u00e0 bi\u1ec7t th\u1ef1 li\u1ec1n k\u1ec1 l\u00e0 C\u00f4ng ty c\u1ed5 ph\u1ea7n ph\u00e1t tri\u1ec3n nh\u00e0 Phong ph\u00fa &#8211; Deawon &#8211; Th\u1ee7 \u0110\u1ee9c.<\/span><\/p>\n<p><img decoding=\"async\" src=\"http:\/\/homesland.vn\/blog\/wp-content\/uploads\/2020\/03\/green-pearl-378-minh-khai.jpg\" alt=\"T\u1ed5ng th\u1ec3 d\u1ef1 \u00e1n chung c\u01b0 Green Pearl\" \/><\/p>\n<p style=\"text-align: justify;\"><span style=\"font-weight: 400;\">N\u1eb1m trong c\u00f9ng h\u1ec7 th\u1ed1ng quy ho\u1ea1ch v\u00e0 thi\u1ebft k\u1ebf t\u1ed5ng qu\u00e1t, <strong>d\u1ef1 \u00e1n Green Pearl 378 Minh Khai<\/strong> ki\u00eau h\u00e3nh v\u1edbi s\u1ee9c v\u00f3c c\u1ee7a m\u1ed9t t\u1ed5 h\u1ee3p b\u1ea5t \u0111\u1ed9ng s\u1ea3n th\u1ebf k\u1ef7, bao g\u1ed3m: ph\u1ee9c h\u1ee3p c\u0103n h\u1ed9 chung c\u01b0, khu \u0111\u00f4 th\u1ecb bi\u1ec7t th\u1ef1 li\u1ec1n k\u1ec1 v\u00e0 trung t\u00e2m th\u01b0\u01a1ng m\u1ea1i, mua s\u1eafm b\u1eadc nh\u1ea5t H\u00e0 N\u1ed9i.<\/span><\/p>\n<p style=\"text-align: justify;\"><strong>T\u1ed5ng di\u1ec7n t\u00edch c\u1ee7a d\u1ef1 \u00e1n Green Pearl Minh Khai l\u00e0 28.765m2 trong \u0111\u00f3: <\/strong><\/p>\n<ul>\n<li style=\"text-align: justify;\"><span style=\"font-weight: 400;\">Di\u1ec7n t\u00edch x\u00e2y d\u1ef1ng l\u00e0 90.453m2. <\/span><\/li>\n<li style=\"text-align: justify;\"><span style=\"font-weight: 400;\">M\u1eadt \u0111\u1ed9 x\u00e2y d\u1ef1ng th\u00f4ng tho\u00e1ng, kho\u1ea3ng 37.31%. <\/span><\/li>\n<li style=\"text-align: justify;\"><span style=\"font-weight: 400;\">C\u00e1c kh\u00f4ng gian sinh ho\u1ea1t chung \u0111\u1ec1u \u0111\u01b0\u1ee3c ph\u1ee7 c\u00e2y xanh t\u1ef1 nhi\u00ean nh\u1eb1m t\u1ea1o ra b\u1ea7u kh\u00f4ng kh\u00ed trong l\u00e0nh, t\u01b0\u01a1i m\u1edbi cho c\u01b0 d\u00e2n t\u1ea1i \u0111\u00e2y.<\/span><\/li>\n<\/ul>\n<p style=\"text-align: justify;\"><strong>Khu cao t\u1ea7ng g\u1ed3m hai t\u00f2a chung c\u01b0 21 t\u1ea7ng, m\u1ed9t trung t\u00e2m th\u01b0\u01a1ng m\u1ea1i:<\/strong><\/p>\n<ul>\n<li style=\"text-align: justify;\"><span style=\"font-weight: 400;\">S\u1ed1 l\u01b0\u1ee3ng c\u0103n h\u1ed9 l\u00e0 504 c\u0103n\/2 t\u00f2a. <\/span><\/li>\n<li style=\"text-align: justify;\"><span style=\"font-weight: 400;\">T\u1ed5ng di\u1ec7n t\u00edch \u0111\u1ea5t quy ho\u1ea1ch chung c\u01b0 l\u00e0 10.3334m2.<\/span><\/li>\n<\/ul>\n<p style=\"text-align: justify;\"><strong>Khu bi\u1ec7t th\u1ef1, nh\u00e0 li\u1ec1n k\u1ec1 nh\u1eb1m \u0111\u00e1p \u1ee9ng cho c\u01b0 d\u00e2n c\u00f3 m\u1ee9c s\u1ed1ng v\u00e0 sinh ho\u1ea1t cao c\u1ea5p h\u01a1n:<\/strong><\/p>\n<ul>\n<li style=\"text-align: justify;\"><span style=\"font-weight: 400;\">Di\u1ec7n t\u00edch 12.928m2 \u0111\u01b0\u1ee3c thi\u1ebft k\u1ebf v\u1edbi 61 l\u00f4 li\u1ec1n k\u1ec1 v\u00e0 bi\u1ec7t th\u1ef1 sang tr\u1ecdng, hi\u1ec7n \u0111\u1ea1i.\u00a0<\/span><\/li>\n<\/ul>\n<p>B\u00ean c\u1ea1nh \u0111\u00f3, <strong>d\u1ef1 \u00e1n Green Pearl 378 Minh Khai<\/strong> c\u0169ng d\u00e0nh kho\u1ea3ng 2.900m2 \u0111\u1ec3 x\u00e2y d\u1ef1ng tr\u01b0\u1eddng Qu\u1ed1c t\u1ebf, ph\u1ee5c v\u1ee5 cho nhu c\u1ea7u h\u1ecdc t\u1eadp c\u1ee7a gia \u0111\u00ecnh v\u00e0 c\u00e1c em h\u1ecdc sinh.<\/p>\n<h2><span id=\"Vi_tri_du_an_8211_Huong_nhin_phong_phu_hai_hoa\"><span style=\"font-size: 18pt; color: #008000;\"><b>V\u1ecb tr\u00ed d\u1ef1 \u00e1n &#8211; H\u01b0\u1edbng nh\u00ecn phong ph\u00fa, h\u00e0i ho\u00e0<\/b><\/span><\/span><\/h2>\n<p style=\"text-align: justify;\"><span style=\"font-weight: 400;\">T\u1ecda l\u1ea1c t\u1ea1i khu v\u1ef1c trung t\u00e2m th\u00e0nh ph\u1ed1, d\u1ef1 \u00e1n c\u0103n h\u1ed9 Green Pearl Minh Khai n\u1eb1m tr\u00ean tuy\u1ebfn \u0111\u01b0\u1eddng huy\u1ebft m\u1ea1ch, t\u1eadp trung \u0111\u00f4ng \u0111\u00fac c\u00e1c \u0111\u1ecba \u0111i\u1ec3m vui ch\u01a1i gi\u1ea3i tr\u00ed v\u00e0 khu v\u1ef1c v\u0103n ph\u00f2ng. V\u1ecb tr\u00ed \u201cv\u00e0ng&#8221; k\u1ebft n\u1ed1i c\u01b0 d\u00e2n t\u1edbi c\u00e1c \u0111\u1ecba \u0111i\u1ec3m c\u1eeda ng\u00f5 Th\u1ee7 \u0111\u00f4.<\/span><\/p>\n<p><img decoding=\"async\" src=\"http:\/\/homesland.vn\/blog\/wp-content\/uploads\/2020\/03\/vi-tri-green-pearl-minh-khai.jpg\" alt=\"v\u1ecb tr\u00ed green pearl 378 minh khai\" \/><\/p>\n<p style=\"text-align: justify;\"><strong>T\u1eeb \u0111\u1ecba ch\u1ec9 d\u1ef1 \u00e1n t\u1ea1i 378 Minh Khai c\u01b0 d\u00e2n di chuy\u1ec3n thu\u1eadn ti\u1ec7n v\u00e0 d\u1ec5 d\u00e0ng: <\/strong><\/p>\n<ul>\n<li style=\"text-align: justify;\"><span style=\"font-weight: 400;\">C\u01b0 d\u00e2n m\u1ea5t kho\u1ea3ng 15 ph\u00fat di chuy\u1ec3n t\u1edbi H\u1ed3 G\u01b0\u01a1m<\/span><\/li>\n<li style=\"text-align: justify;\"><span style=\"font-weight: 400;\">2 ph\u00fat \u0111i t\u1edbi Times City, <\/span><\/li>\n<li style=\"text-align: justify;\"><span style=\"font-weight: 400;\">13 ph\u00fat t\u1edbi b\u1ec7nh vi\u1ec7n B\u1ea1ch Mai.<\/span><\/li>\n<li style=\"text-align: justify;\"><span style=\"font-weight: 400;\">20 ph\u00fat \u0111\u1ec3 t\u1edbi khu\u00f4n vi\u00ean tr\u01b0\u1eddng \u0111\u1ea1i h\u1ecdc g\u1ea7n nh\u1ea5t &#8211; \u0111\u1ea1i h\u1ecdc B\u00e1ch Khoa H\u00e0 N\u1ed9i.<\/span><\/li>\n<\/ul>\n<p><img decoding=\"async\" src=\"http:\/\/homesland.vn\/blog\/wp-content\/uploads\/2020\/03\/vi-tri-green-pearl-minh-khai-2.png\" alt=\"v\u1ecb tr\u00ed green pearl 378 minh khai\" \/><\/p>\n<h2><span id=\"Mat_bang_du_an_8211_Tien_nghi_doc_dao\"><span style=\"font-size: 18pt; color: #008000;\"><b>M\u1eb7t b\u1eb1ng d\u1ef1 \u00e1n &#8211; Ti\u1ec7n nghi, \u0111\u1ed9c \u0111\u00e1o<\/b><\/span><\/span><\/h2>\n<p style=\"text-align: justify;\"><strong>Thi\u1ebft k\u1ebf m\u1eb7t b\u1eb1ng vu\u00f4ng v\u1eafn v\u00e0 h\u00e0i ho\u00e0 l\u00e0 \u0111i\u1ec3m c\u1ed9ng khi\u1ebfn d\u1ef1 \u00e1n Green Pearl r\u1ea5t \u201c\u0111\u01b0\u1ee3c l\u00f2ng&#8221; c\u01b0 d\u00e2n v\u00e0 c\u00e1c nh\u00e0 \u0111\u1ea7u t\u01b0 b\u1ea5t \u0111\u1ed9ng s\u1ea3n. <\/strong><\/p>\n<ul>\n<li style=\"text-align: justify;\"><span style=\"font-weight: 400;\">Khu c\u0103n h\u1ed9 bao g\u1ed3m 2 to\u00e0 ch\u00ednh v\u1edbi h\u01b0\u1edbng c\u0103n h\u1ed9 h\u01b0\u1edbng ra m\u1eb7t \u0111\u01b0\u1eddng. <\/span><\/li>\n<li style=\"text-align: justify;\"><span style=\"font-weight: 400;\">Chung c\u01b0 c\u00f3 hai h\u01b0\u1edbng ch\u00ednh l\u00e0 view Tam Trinh v\u00e0 view Times City, \u0111\u1ec1u t\u1ea1o ra kh\u00f4ng gian m\u1edf, t\u01b0\u01a1i s\u00e1ng v\u00e0 tr\u00e0n ng\u1eadp \u00e1nh s\u00e1ng.<\/span><\/li>\n<li style=\"text-align: justify;\">B\u00ean c\u1ea1nh \u0111\u00f3, c\u00e1c ban c\u00f4ng \u0111\u1ec1u \u0111\u01b0\u1ee3c thi\u1ebft k\u1ebf tr\u00e1nh n\u1eafng ph\u00eda T\u00e2y \u0111\u1ec3 t\u1ea1o s\u1ef1 thanh m\u00e1t t\u1ef1 nhi\u00ean cho to\u00e0n b\u1ed9 c\u00e1c c\u0103n h\u1ed9.<\/li>\n<\/ul>\n<p><img decoding=\"async\" src=\"http:\/\/homesland.vn\/blog\/wp-content\/uploads\/2020\/03\/phoi-canh-du-an-378-minh-khai.jpg\" alt=\"ph\u1ed1i c\u1ea3nh chung c\u01b0 green pearl\" \/><\/p>\n<p style=\"text-align: justify;\"><span style=\"font-weight: 400;\">C\u00e1c c\u0103n h\u1ed9 v\u1edbi thi\u1ebft k\u1ebf kh\u00f4ng gian hi\u1ec7n \u0111\u1ea1i, ho\u00e0 m\u00ecnh v\u00e0o thi\u00ean nhi\u00ean. M\u1ed7i c\u0103n th\u01b0\u1eddng g\u1ed3m 2 &#8211; 3 ban c\u00f4ng v\u1edbi hai view ch\u00ednh l\u00e0 Tam Trinh v\u00e0 Times City gi\u00fap c\u01b0 d\u00e2n t\u1eadn h\u01b0\u1edfng b\u1ea7u kh\u00f4ng kh\u00ed nh\u1ed9n nh\u1ecbp, ph\u1ed3n hoa n\u01a1i \u0111\u00f4 th\u1ecb. <\/span><\/p>\n<ul>\n<li style=\"text-align: justify;\"><strong>M\u1eb7t b\u1eb1ng chung c\u1ee7a c\u0103n h\u1ed9 02 ph\u00f2ng ng\u1ee7 v\u1edbi m\u1eadt \u0111\u1ed9 l\u00e0 4 c\u0103n\/ s\u00e0n.<\/strong>\n<ul>\n<li style=\"text-align: justify;\"><span style=\"font-weight: 400;\">Di\u1ec7n t\u00edch m\u1ed7i c\u0103n dao \u0111\u1ed9ng trong kho\u1ea3ng 71.48m2 \u0111\u1ebfn 74.21m2. <\/span><\/li>\n<\/ul>\n<\/li>\n<li style=\"text-align: justify;\"><strong>\u0110\u1ed1i v\u1edbi c\u0103n h\u1ed9 03 ph\u00f2ng ng\u1ee7, m\u1eadt \u0111\u1ed9 l\u00e0 10 c\u0103n\/ s\u00e0n. <\/strong>\n<ul>\n<li style=\"text-align: justify;\"><span style=\"font-weight: 400;\">Di\u1ec7n t\u00edch m\u1ed7i ph\u00f2ng dao \u0111\u1ed9ng trong kho\u1ea3ng 87.81m2 \u0111\u1ebfn 139.73m2.<\/span><\/li>\n<\/ul>\n<\/li>\n<\/ul>\n<h2><span id=\"Tien_ich_Green_Pearl_Minh_Khai\"><span style=\"font-size: 18pt; color: #008000;\"><b>Ti\u1ec7n \u00edch Green Pearl Minh Khai<\/b><\/span><\/span><\/h2>\n<p style=\"text-align: justify;\"><span style=\"font-weight: 400;\">Kh\u00f4ng gian c\u1ee7a d\u1ef1 \u00e1n \u0111\u01b0\u1ee3c l\u1ea5y \u00fd t\u01b0\u1edfng ch\u00ednh t\u1eeb qu\u1ed1c \u0111\u1ea3o Singapore &#8211; n\u01a1i \u0111\u01b0\u1ee3c m\u1ec7nh danh l\u00e0 \u0111\u1ea3o qu\u1ed1c xinh \u0111\u1eb9p v\u00e0 s\u1ea1ch s\u1ebd nh\u1ea5t th\u1ebf gi\u1edbi. V\u00ec th\u1ebf, c\u00e1c ti\u1ec7n \u00edch c\u1ee7a d\u1ef1 \u00e1n c\u0169ng \u0111\u01b0\u1ee3c t\u00edch h\u1ee3p r\u1ea5t nhi\u1ec1u c\u00f4ng ngh\u1ec7 hi\u1ec7n \u0111\u1ea1i, th\u00e2n thi\u1ec7n v\u00e0 h\u01b0\u1edbng \u0111\u1ebfn t\u00e1i t\u1ea1o m\u00f4i tr\u01b0\u1eddng s\u1ed1ng t\u1ef1 nhi\u00ean, th\u01b0 th\u00e1i.<\/span><\/p>\n<p><img decoding=\"async\" src=\"http:\/\/homesland.vn\/blog\/wp-content\/uploads\/2020\/03\/be-boi-green-pearl-378-minh-khai.jpg\" alt=\"b\u1ec3 b\u01a1i green pearl 378 minh khai\" \/><\/p>\n<p><i><span style=\"font-weight: 400;\">B\u1ec3 b\u01a1i ngo\u00e0i tr\u1eddi n\u1ed1i li\u1ec1n khu chung c\u01b0 v\u00e0 bi\u1ec7t th\u1ef1<\/span><\/i><\/p>\n<p style=\"text-align: justify;\"><span style=\"font-weight: 400;\">T\u1ea1i khu v\u1ef1c t\u1ea7ng 1-2 c\u1ee7a khu chung c\u01b0, c\u01b0 d\u00e2n \u0111\u01b0\u1ee3c t\u1eadn h\u01b0\u1edfng h\u01a1n 20 ti\u1ec7n \u00edch t\u1eeb c\u1ed5ng ch\u00e0o, l\u1ed1i v\u00e0o trung t\u00e2m th\u01b0\u01a1ng m\u1ea1i, b\u00e3i g\u1eedi xe mi\u1ec5n ph\u00ed, \u0111\u01b0\u1eddng t\u1ea3n b\u1ed9 ngo\u00e0i tr\u1eddi, khu t\u00e2m linh cho \u0111\u1ebfn ti\u1ec7m \u1ea9m th\u1ef1c v\u00e0 mua s\u1eafm t\u1eeb r\u1ea5t nhi\u1ec1u th\u01b0\u01a1ng hi\u1ec7u uy t\u00edn tr\u00ean th\u1ecb tr\u01b0\u1eddng. \u0110\u00f3 l\u00e0 s\u1ef1 k\u1ebft h\u1ee3p h\u00e0i ho\u00e0 gi\u1eefa v\u0103n ho\u00e1 Vi\u1ec7t v\u1edbi v\u0103n ho\u00e1 c\u00e1c qu\u1ed1c gia kh\u00e1c tr\u00ean th\u1ebf gi\u1edbi, nh\u1eb1m t\u1ea1o ra kh\u00f4ng gian s\u1ed1ng \u0111a d\u1ea1ng cho c\u01b0 d\u00e2n.<\/span><\/p>\n<p style=\"text-align: justify;\"><span style=\"font-weight: 400;\">T\u1ea7ng 3 &#8211; 4 bao g\u1ed3m c\u00e1c ti\u1ec7n \u00edch ch\u0103m s\u00f3c s\u1ee9c kho\u1ebb, l\u00e0m \u0111\u1eb9p nh\u01b0 b\u1ec3 b\u01a1i, v\u01b0\u1eddn n\u01b0\u1edbng BBQ, ti\u1ec7m Sauna, Spa, Yoga, Gym, khu ngh\u1ec9 d\u01b0\u1ee1ng ngo\u00e0i tr\u1eddi, \u0111\u01b0\u1eddng t\u1ea3n b\u1ed9 tr\u00ean cao v\u00e0 c\u00e1c ph\u00f2ng s\u00e1ng t\u1ea1o, sinh ho\u1ea1t c\u1ed9ng \u0111\u1ed3ng.\u00a0<\/span><\/p>\n<h2><span id=\"Noi_that_can_ho_8211_Tinh_te_nhu_suong_mai\"><span style=\"font-size: 18pt; color: #008000;\"><b>N\u1ed9i th\u1ea5t c\u0103n h\u1ed9 &#8211; Tinh t\u1ebf nh\u01b0 s\u01b0\u01a1ng mai<\/b><\/span><\/span><\/h2>\n<p style=\"text-align: justify;\"><span style=\"font-weight: 400;\">Thi\u1ebft k\u1ebf n\u1ed9i th\u1ea5t \u01b0u vi\u1ec7t, mang \u0111\u1eadm n\u00e9t \u0111\u1eb9p hi\u1ec7n \u0111\u1ea1i v\u00e0 d\u00e1ng d\u1ea5p c\u1ee7a Th\u1ee7 \u0111\u00f4, d\u1ef1 \u00e1n Green Pearl 378 Minh Khai gi\u1ed1ng nh\u01b0 d\u00e1ng h\u00ecnh ng\u01b0\u1eddi ph\u1ee5 n\u1eef b\u00ean t\u00e0 \u00e1o d\u00e0i th\u01b0\u1edbt tha. <\/span><\/p>\n<p style=\"text-align: justify;\"><span style=\"font-weight: 400;\">L\u1ea5y c\u1ea3m h\u1ee9ng t\u01b0\u01a1i s\u00e1ng v\u1edbi gam m\u00e0u kem s\u00e1ng, n\u1ed9i th\u1ea5t c\u1ee7a d\u1ef1 \u00e1n Green Pearl Minh Khai r\u1ea5t d\u1ec5 ph\u1ed1i ng\u1eabu theo s\u1edf th\u00edch c\u1ee7a ch\u1ee7 c\u0103n h\u1ed9. B\u00ean c\u1ea1nh \u0111\u00f3, h\u1ec7 th\u1ed1ng \u0111i\u1ec1u ho\u00e0, h\u1ec7 th\u1ed1ng s\u01b0\u1edfi \u0111\u1ec1u \u0111\u01b0\u1ee3c l\u1eafp \u0111\u1eb7t ch\u1eafc ch\u1eafn, \u00e2m tr\u1ea7n \u0111\u1ec3 ti\u1ebft ki\u1ec7m kh\u00f4ng gian s\u1ed1ng.<\/span><\/p>\n<p style=\"text-align: justify;\"><i><span style=\"font-weight: 400;\">D\u1ef1 \u00e1n Green Pearl 378 Minh Khai \u0111em l\u1ea1i s\u1ef1 t\u0129nh l\u1eb7ng, tinh t\u1ebf cho cu\u1ed9c s\u1ed1ng. V\u1edbi s\u1ee9 m\u1ec7nh ho\u00e0 h\u1ee3p phong c\u00e1ch s\u1ed1ng hi\u1ec7n \u0111\u1ea1i v\u1edbi xu h\u01b0\u1edbng s\u1ed1ng xanh c\u00f9ng thi\u00ean nhi\u00ean, d\u1ef1 \u00e1n ch\u00ednh l\u00e0 \u0111\u1ea1i di\u1ec7n cho \u201ch\u00f2n ng\u1ecdc&#8221; gi\u1eefa l\u00f2ng th\u1ee7 \u0111\u00f4 &#8211; n\u01a1i con ng\u01b0\u1eddi h\u1ecdc c\u00e1ch y\u00eau th\u01b0\u01a1ng thi\u00ean nhi\u00ean, y\u00eau th\u01b0\u01a1ng ch\u00ednh m\u00ecnh.\u00a0\u00a0<\/span><\/i><\/p>\n<\/p>\n<div class=\"su-row\"><div class=\"su-column su-column-size-1-2\"><div class=\"su-column-inner su-u-clearfix su-u-trim\">\n<div id=\"attachment_6808\" style=\"width: 260px\" class=\"wp-caption aligncenter\"><a href=\"https:\/\/homesland.vn\/blog\/ban-chung-cu-green-pearl-minh-khai\"><img aria-describedby=\"caption-attachment-6808\" decoding=\"async\" loading=\"lazy\" class=\"size-full wp-image-6808\" src=\"https:\/\/homesland.vn\/blog\/wp-content\/uploads\/2020\/04\/ban-green-pearl-minh-khai-250px.png\" alt=\"B\u00e1n chung c\u01b0 Green Pearl C\u1eaft L\u1ed7 t\u1edbi 200 Tri\u1ec7u\" width=\"250\" height=\"163\" \/><\/a><p id=\"caption-attachment-6808\" class=\"wp-caption-text\">B\u00e1n chung c\u01b0 Green Pearl<\/p><\/div>\n<\/div><\/div> <div class=\"su-column su-column-size-1-2\"><div class=\"su-column-inner su-u-clearfix su-u-trim\">\n<div id=\"attachment_6807\" style=\"width: 260px\" class=\"wp-caption aligncenter\"><a href=\"https:\/\/homesland.vn\/blog\/cho-thue-chung-cu-green-pearl\"><img aria-describedby=\"caption-attachment-6807\" decoding=\"async\" loading=\"lazy\" class=\"size-full wp-image-6807\" src=\"https:\/\/homesland.vn\/blog\/wp-content\/uploads\/2020\/04\/thue-green-pearl-minh-khai-250px.png\" alt=\"Cho thu\u00ea chung c\u01b0 Green Pearl - Gi\u00e1 thu\u00ea t\u1eeb 10 Tri\u1ec7u\/th\u00e1ng\" width=\"250\" height=\"163\" \/><\/a><p id=\"caption-attachment-6807\" class=\"wp-caption-text\">Cho thu\u00ea Green Pearl<\/p><\/div>\n<\/div><\/div> <\/div>\n","protected":false},"excerpt":{"rendered":"<p>D\u1ef1 \u00e1n Green Pearl 378 Minh Khai \u0111\u01b0a thi\u00ean nhi\u00ean v\u00e0o nh\u1ecbp s\u1ed1ng h\u1ed1i h\u1ea3 \u0111\u00f4 th\u1ecb. D\u1ef1 \u00e1n mang t\u1ea7m v\u00f3c l\u1edbn, bao g\u1ed3m c\u1ea3 lo\u1ea1i h\u00ecnh chung c\u01b0 v\u00e0 bi\u1ec7t th\u1ef1 li\u1ec1n k\u1ec1. Xu h\u01b0\u1edbng s\u1ed1ng xanh \u0111ang bao tr\u00f9m tr\u00ean b\u1ea3n \u0111\u1ed3 b\u1ea5t \u0111\u1ed9ng s\u1ea3n th\u1ee7 \u0111\u00f4, \u0111\u00f3 l\u00e0 c\u01a1 h\u1ed9i nh\u01b0ng c\u0169ng \u0111em l\u1ea1i kh\u00f4ng \u00edt th\u00e1ch th\u1ee9c cho c\u00e1c nh\u00e0 \u0111\u1ea7u t\u01b0. V\u1edbi s\u1ee9 m\u1ec7nh \u201cth\u1ed5i h\u1ed3n thi\u00ean nhi\u00ean&#8221;, c\u00e2n b\u1eb1ng nh\u1ecbp s\u1ed1ng \u0111\u00f4 th\u1ecb h\u1ed1i h\u1ea3, d\u1ef1 \u00e1n Green Pearl 378 Minh Khai \u0111em \u0111\u1ebfn kh\u00f4ng gian s\u1ed1ng xanh &#8211; kh\u1ecfe &#8211; l\u00e0nh m\u1ea1nh <\/p>\n","protected":false},"author":3,"featured_media":0,"parent":0,"menu_order":0,"comment_status":"closed","ping_status":"closed","template":"","meta":[],"yoast_head":"<!-- This site is optimized with the Yoast SEO plugin v19.13 - https:\/\/yoast.com\/wordpress\/plugins\/seo\/ -->\n<title>Green Pearl 378 Minh Khai - L\u00e1 ph\u1ed5i Xanh gi\u1eefa l\u00f2ng \u0111\u00f4 th\u1ecb<\/title>\n<meta name=\"robots\" content=\"index, follow, max-snippet:-1, max-image-preview:large, max-video-preview:-1\" \/>\n<link rel=\"canonical\" href=\"https:\/\/homesland.vn\/blog\/du-an-green-pearl-378-minh-khai\" \/>\n<meta property=\"og:locale\" content=\"vi_VN\" \/>\n<meta property=\"og:type\" content=\"article\" \/>\n<meta property=\"og:title\" content=\"Green Pearl 378 Minh Khai - L\u00e1 ph\u1ed5i Xanh gi\u1eefa l\u00f2ng \u0111\u00f4 th\u1ecb\" \/>\n<meta property=\"og:description\" content=\"D\u1ef1 \u00e1n Green Pearl 378 Minh Khai \u0111\u01b0a thi\u00ean nhi\u00ean v\u00e0o nh\u1ecbp s\u1ed1ng h\u1ed1i h\u1ea3 \u0111\u00f4 th\u1ecb. D\u1ef1 \u00e1n mang t\u1ea7m v\u00f3c l\u1edbn, bao g\u1ed3m c\u1ea3 lo\u1ea1i h\u00ecnh chung c\u01b0 v\u00e0 bi\u1ec7t th\u1ef1 li\u1ec1n k\u1ec1. Xu h\u01b0\u1edbng s\u1ed1ng xanh \u0111ang bao tr\u00f9m tr\u00ean b\u1ea3n \u0111\u1ed3 b\u1ea5t \u0111\u1ed9ng s\u1ea3n th\u1ee7 \u0111\u00f4, \u0111\u00f3 l\u00e0 c\u01a1 h\u1ed9i nh\u01b0ng c\u0169ng \u0111em l\u1ea1i kh\u00f4ng \u00edt th\u00e1ch th\u1ee9c cho c\u00e1c nh\u00e0 \u0111\u1ea7u t\u01b0. V\u1edbi s\u1ee9 m\u1ec7nh \u201cth\u1ed5i h\u1ed3n thi\u00ean nhi\u00ean&#8221;, c\u00e2n b\u1eb1ng nh\u1ecbp s\u1ed1ng \u0111\u00f4 th\u1ecb h\u1ed1i h\u1ea3, d\u1ef1 \u00e1n Green Pearl 378 Minh Khai \u0111em \u0111\u1ebfn kh\u00f4ng gian s\u1ed1ng xanh &#8211; kh\u1ecfe &#8211; l\u00e0nh m\u1ea1nh\" \/>\n<meta property=\"og:url\" content=\"https:\/\/homesland.vn\/blog\/du-an-green-pearl-378-minh-khai\" \/>\n<meta property=\"og:site_name\" content=\"HOMESLAND\" \/>\n<meta property=\"article:modified_time\" content=\"2020-04-13T17:44:35+00:00\" \/>\n<meta property=\"og:image\" content=\"http:\/\/homesland.vn\/blog\/wp-content\/uploads\/2020\/03\/mat-bang-tong-the-green-pearl.png\" \/>\n<meta name=\"twitter:card\" content=\"summary_large_image\" \/>\n<script type=\"application\/ld+json\" class=\"yoast-schema-graph\">{\"@context\":\"https:\/\/schema.org\",\"@graph\":[{\"@type\":\"WebPage\",\"@id\":\"https:\/\/homesland.vn\/blog\/du-an-green-pearl-378-minh-khai\",\"url\":\"https:\/\/homesland.vn\/blog\/du-an-green-pearl-378-minh-khai\",\"name\":\"Green Pearl 378 Minh Khai - L\u00e1 ph\u1ed5i Xanh gi\u1eefa l\u00f2ng \u0111\u00f4 th\u1ecb\",\"isPartOf\":{\"@id\":\"https:\/\/homesland.vn\/blog\/#website\"},\"datePublished\":\"2020-03-29T14:50:27+00:00\",\"dateModified\":\"2020-04-13T17:44:35+00:00\",\"breadcrumb\":{\"@id\":\"https:\/\/homesland.vn\/blog\/du-an-green-pearl-378-minh-khai#breadcrumb\"},\"inLanguage\":\"vi\",\"potentialAction\":[{\"@type\":\"ReadAction\",\"target\":[\"https:\/\/homesland.vn\/blog\/du-an-green-pearl-378-minh-khai\"]}]},{\"@type\":\"BreadcrumbList\",\"@id\":\"https:\/\/homesland.vn\/blog\/du-an-green-pearl-378-minh-khai#breadcrumb\",\"itemListElement\":[{\"@type\":\"ListItem\",\"position\":1,\"name\":\"Home\",\"item\":\"https:\/\/homesland.vn\/blog\/\"},{\"@type\":\"ListItem\",\"position\":2,\"name\":\"D\u1ef1 \u00e1n Green Pearl 378 Minh Khai\"}]},{\"@type\":\"WebSite\",\"@id\":\"https:\/\/homesland.vn\/blog\/#website\",\"url\":\"https:\/\/homesland.vn\/blog\/\",\"name\":\"HOMESLAND\",\"description\":\"Real Estale\",\"potentialAction\":[{\"@type\":\"SearchAction\",\"target\":{\"@type\":\"EntryPoint\",\"urlTemplate\":\"https:\/\/homesland.vn\/blog\/?s={search_term_string}\"},\"query-input\":\"required name=search_term_string\"}],\"inLanguage\":\"vi\"}]}<\/script>\n<!-- \/ Yoast SEO plugin. -->","yoast_head_json":{"title":"Green Pearl 378 Minh Khai - L\u00e1 ph\u1ed5i Xanh gi\u1eefa l\u00f2ng \u0111\u00f4 th\u1ecb","robots":{"index":"index","follow":"follow","max-snippet":"max-snippet:-1","max-image-preview":"max-image-preview:large","max-video-preview":"max-video-preview:-1"},"canonical":"https:\/\/homesland.vn\/blog\/du-an-green-pearl-378-minh-khai","og_locale":"vi_VN","og_type":"article","og_title":"Green Pearl 378 Minh Khai - L\u00e1 ph\u1ed5i Xanh gi\u1eefa l\u00f2ng \u0111\u00f4 th\u1ecb","og_description":"D\u1ef1 \u00e1n Green Pearl 378 Minh Khai \u0111\u01b0a thi\u00ean nhi\u00ean v\u00e0o nh\u1ecbp s\u1ed1ng h\u1ed1i h\u1ea3 \u0111\u00f4 th\u1ecb. D\u1ef1 \u00e1n mang t\u1ea7m v\u00f3c l\u1edbn, bao g\u1ed3m c\u1ea3 lo\u1ea1i h\u00ecnh chung c\u01b0 v\u00e0 bi\u1ec7t th\u1ef1 li\u1ec1n k\u1ec1. Xu h\u01b0\u1edbng s\u1ed1ng xanh \u0111ang bao tr\u00f9m tr\u00ean b\u1ea3n \u0111\u1ed3 b\u1ea5t \u0111\u1ed9ng s\u1ea3n th\u1ee7 \u0111\u00f4, \u0111\u00f3 l\u00e0 c\u01a1 h\u1ed9i nh\u01b0ng c\u0169ng \u0111em l\u1ea1i kh\u00f4ng \u00edt th\u00e1ch th\u1ee9c cho c\u00e1c nh\u00e0 \u0111\u1ea7u t\u01b0. V\u1edbi s\u1ee9 m\u1ec7nh \u201cth\u1ed5i h\u1ed3n thi\u00ean nhi\u00ean&#8221;, c\u00e2n b\u1eb1ng nh\u1ecbp s\u1ed1ng \u0111\u00f4 th\u1ecb h\u1ed1i h\u1ea3, d\u1ef1 \u00e1n Green Pearl 378 Minh Khai \u0111em \u0111\u1ebfn kh\u00f4ng gian s\u1ed1ng xanh &#8211; kh\u1ecfe &#8211; l\u00e0nh m\u1ea1nh","og_url":"https:\/\/homesland.vn\/blog\/du-an-green-pearl-378-minh-khai","og_site_name":"HOMESLAND","article_modified_time":"2020-04-13T17:44:35+00:00","og_image":[{"url":"http:\/\/homesland.vn\/blog\/wp-content\/uploads\/2020\/03\/mat-bang-tong-the-green-pearl.png"}],"twitter_card":"summary_large_image","schema":{"@context":"https:\/\/schema.org","@graph":[{"@type":"WebPage","@id":"https:\/\/homesland.vn\/blog\/du-an-green-pearl-378-minh-khai","url":"https:\/\/homesland.vn\/blog\/du-an-green-pearl-378-minh-khai","name":"Green Pearl 378 Minh Khai - L\u00e1 ph\u1ed5i Xanh gi\u1eefa l\u00f2ng \u0111\u00f4 th\u1ecb","isPartOf":{"@id":"https:\/\/homesland.vn\/blog\/#website"},"datePublished":"2020-03-29T14:50:27+00:00","dateModified":"2020-04-13T17:44:35+00:00","breadcrumb":{"@id":"https:\/\/homesland.vn\/blog\/du-an-green-pearl-378-minh-khai#breadcrumb"},"inLanguage":"vi","potentialAction":[{"@type":"ReadAction","target":["https:\/\/homesland.vn\/blog\/du-an-green-pearl-378-minh-khai"]}]},{"@type":"BreadcrumbList","@id":"https:\/\/homesland.vn\/blog\/du-an-green-pearl-378-minh-khai#breadcrumb","itemListElement":[{"@type":"ListItem","position":1,"name":"Home","item":"https:\/\/homesland.vn\/blog\/"},{"@type":"ListItem","position":2,"name":"D\u1ef1 \u00e1n Green Pearl 378 Minh Khai"}]},{"@type":"WebSite","@id":"https:\/\/homesland.vn\/blog\/#website","url":"https:\/\/homesland.vn\/blog\/","name":"HOMESLAND","description":"Real Estale","potentialAction":[{"@type":"SearchAction","target":{"@type":"EntryPoint","urlTemplate":"https:\/\/homesland.vn\/blog\/?s={search_term_string}"},"query-input":"required name=search_term_string"}],"inLanguage":"vi"}]}},"_links":{"self":[{"href":"https:\/\/homesland.vn\/blog\/wp-json\/wp\/v2\/pages\/6655"}],"collection":[{"href":"https:\/\/homesland.vn\/blog\/wp-json\/wp\/v2\/pages"}],"about":[{"href":"https:\/\/homesland.vn\/blog\/wp-json\/wp\/v2\/types\/page"}],"author":[{"embeddable":true,"href":"https:\/\/homesland.vn\/blog\/wp-json\/wp\/v2\/users\/3"}],"replies":[{"embeddable":true,"href":"https:\/\/homesland.vn\/blog\/wp-json\/wp\/v2\/comments?post=6655"}],"version-history":[{"count":13,"href":"https:\/\/homesland.vn\/blog\/wp-json\/wp\/v2\/pages\/6655\/revisions"}],"predecessor-version":[{"id":6817,"href":"https:\/\/homesland.vn\/blog\/wp-json\/wp\/v2\/pages\/6655\/revisions\/6817"}],"wp:attachment":[{"href":"https:\/\/homesland.vn\/blog\/wp-json\/wp\/v2\/media?parent=6655"}],"curies":[{"name":"wp","href":"https:\/\/api.w.org\/{rel}","templated":true}]}}