{"id":3813,"date":"2020-03-02T04:52:39","date_gmt":"2020-03-02T04:52:39","guid":{"rendered":"http:\/\/homesland.vn\/?page_id=3813"},"modified":"2020-12-03T09:20:42","modified_gmt":"2020-12-03T09:20:42","slug":"homesland","status":"publish","type":"page","link":"https:\/\/homesland.vn\/blog\/","title":{"rendered":""},"content":{"rendered":"<p style=\"text-align: center;\"><span style=\"color: #800000;\"><strong><span style=\"font-size: 24px;\">HOMESLAND MUA B\u00c1N &amp; CHO THU\u00ca C\u0102N H\u1ed8 VINHOMES<\/span><\/strong><\/span><img decoding=\"async\" loading=\"lazy\" class=\"aligncenter size-full wp-image-977\" src=\"http:\/\/homesland.vn\/blog\/wp-content\/uploads\/2018\/03\/bg-content-homesland.png\" alt=\"homesland.vn\" width=\"740\" height=\"31\" \/><\/p>\n<p style=\"text-align: center;\"><div class=\"su-row\"><div class=\"su-column su-column-size-1-3\"><div class=\"su-column-inner su-u-clearfix su-u-trim\">\n<p style=\"text-align: center;\"><a href=\"http:\/\/homesland.vn\/ban-can-ho-royal-city\"><strong><img decoding=\"async\" loading=\"lazy\" class=\"aligncenter size-full wp-image-995\" src=\"http:\/\/homesland.vn\/blog\/wp-content\/uploads\/2018\/03\/ban-royal-homesland.png\" alt=\"royal city 1 ph\u00f2ng ng\u1ee7\" width=\"300\" height=\"300\" \/><\/strong><\/a><\/p>\n<p style=\"text-align: center;\"><strong><a href=\"http:\/\/homesland.vn\/ban-can-ho-royal-city\"><span style=\"color: #800000; text-decoration: underline;\"> DANH S\u00c1CH B\u00c1N ROYAL CITY<\/span><\/a><\/strong><\/p>\n<p style=\"text-align: center;\"><span style=\"color: #000000;\">C\u0103n h\u1ed9 Royal City c\u00f3 di\u1ec7n t\u00edch t\u1eeb 55 &#8211; 220m2, b\u1ed1 tr\u00ed 1 &#8211; 4 ng\u1ee7. Gi\u00e1 b\u00e1n t\u1eeb 2.5 t\u1ef7.<\/span><\/p>\n<\/div><\/div> <div class=\"su-column su-column-size-1-3\"><div class=\"su-column-inner su-u-clearfix su-u-trim\">\n<p style=\"text-align: center;\"><a href=\"http:\/\/homesland.vn\/blog\/cho-thue-royal-city\"><strong><img decoding=\"async\" loading=\"lazy\" class=\"aligncenter size-full wp-image-995\" src=\"http:\/\/homesland.vn\/blog\/wp-content\/uploads\/2018\/03\/cho-thue-royal-homeland.png\" alt=\"royal city cho thu\u00ea\" width=\"300\" height=\"300\" \/><\/strong><\/a><\/p>\n<p style=\"text-align: center;\"><span style=\"text-decoration: underline;\"><span style=\"color: #800000;\"><strong><a style=\"color: #800000; text-decoration: underline;\" href=\"http:\/\/homesland.vn\/cho-thue-royal-city\">CHO THU\u00ca CHUNG C\u01af ROYAL CITY<\/a><\/strong><\/span><\/span><\/p>\n<p style=\"text-align: center;\"><span style=\"color: #000000;\">Gi\u00e1 c\u0103n h\u1ed9 Royal City: C\u0103n h\u1ed9 1 ng\u1ee7: 15 tri\u1ec7u, 2 Ng\u1ee7: 18 tri\u1ec7u, 3 Ng\u1ee7 1000USD.<\/span><\/p>\n<\/div><\/div> <div class=\"su-column su-column-size-1-3\"><div class=\"su-column-inner su-u-clearfix su-u-trim\">\n<p style=\"text-align: center;\"><a href=\"http:\/\/homesland.vn\/thue-vinhomes-metropolis-lieu-giai\"><strong><img decoding=\"async\" loading=\"lazy\" class=\"aligncenter size-full wp-image-995\" src=\"http:\/\/homesland.vn\/blog\/wp-content\/uploads\/2020\/03\/vinhomes-metropolis-homesland.png\" alt=\"cho thu\u00ea chung c\u01b0 metropolis\" width=\"300\" height=\"300\" \/><\/strong><\/a><\/p>\n<p style=\"text-align: center;\"><a href=\"http:\/\/homesland.vn\/thue-vinhomes-metropolis-lieu-giai\"><strong><span style=\"text-decoration: underline;\"><span style=\"color: #800000; text-decoration: underline;\">CHO THU\u00ca VINHOMES METROPOLIS<\/span><\/span><\/strong><\/a><\/p>\n<p style=\"text-align: center;\"><span style=\"color: #000000;\">Cho thu\u00ea c\u0103n h\u1ed9 Metropolis, di\u1ec7n t\u00edch t\u1eeb 55 &#8211; 145m2, gi\u00e1 thu\u00ea t\u1eeb 900 USD.<\/span><\/p>\n<\/div><\/div><\/div>\n<img decoding=\"async\" loading=\"lazy\" class=\"aligncenter size-full wp-image-5803\" src=\"http:\/\/homesland.vn\/blog\/wp-content\/uploads\/2019\/12\/banner-ban-royal-city.png\" alt=\"b\u00e1n c\u0103n h\u1ed9 royal city\" width=\"1100\" height=\"418\" srcset=\"https:\/\/homesland.vn\/blog\/wp-content\/uploads\/2019\/12\/banner-ban-royal-city.png 1100w, https:\/\/homesland.vn\/blog\/wp-content\/uploads\/2019\/12\/banner-ban-royal-city-300x114.png 300w, https:\/\/homesland.vn\/blog\/wp-content\/uploads\/2019\/12\/banner-ban-royal-city-768x292.png 768w, https:\/\/homesland.vn\/blog\/wp-content\/uploads\/2019\/12\/banner-ban-royal-city-1024x389.png 1024w\" sizes=\"(max-width: 1100px) 100vw, 1100px\" \/><\/p>\n<p style=\"text-align: center;\"><span style=\"color: #800000;\"><span style=\"font-size: 24px;\"><b>QUY TR\u00ccNH L\u00c0M VI\u1ec6C \u0110\u01a0N GI\u1ea2N<\/b><\/span><\/span> <img decoding=\"async\" loading=\"lazy\" class=\"aligncenter size-full wp-image-977\" src=\"http:\/\/homesland.vn\/blog\/wp-content\/uploads\/2018\/03\/bg-content-homesland.png\" alt=\"homesland.vn\" width=\"740\" height=\"31\" \/><div class=\"su-row\"><div class=\"su-column su-column-size-1-4\"><div class=\"su-column-inner su-u-clearfix su-u-trim\">\n<p style=\"text-align: center;\"><img decoding=\"async\" loading=\"lazy\" class=\"aligncenter wp-image-6440\" src=\"http:\/\/homesland.vn\/blog\/wp-content\/uploads\/2020\/03\/icon_blue_search@3x.png\" alt=\"t\u00ecm ki\u1ebfm\" width=\"45\" height=\"45\" srcset=\"https:\/\/homesland.vn\/blog\/wp-content\/uploads\/2020\/03\/icon_blue_search@3x.png 144w, https:\/\/homesland.vn\/blog\/wp-content\/uploads\/2020\/03\/icon_blue_search@3x-115x115.png 115w\" sizes=\"(max-width: 45px) 100vw, 45px\" \/><br \/>\n<span style=\"font-size: 18pt;\"><strong>T\u00ecm ki\u1ebfm<\/strong><\/span><br \/>\nT\u00ecm m\u1ed9t n\u01a1i ph\u00f9 h\u1ee3p v\u1edbi nhu c\u1ea7u c\u1ee7a b\u1ea1n<\/p>\n<\/div><\/div> <div class=\"su-column su-column-size-1-4\"><div class=\"su-column-inner su-u-clearfix su-u-trim\">\n<p style=\"text-align: center;\"><img decoding=\"async\" loading=\"lazy\" class=\"aligncenter wp-image-6439\" src=\"http:\/\/homesland.vn\/blog\/wp-content\/uploads\/2020\/03\/icon_blue_map@3x.png\" alt=\"xem nh\u00e0\" width=\"45\" height=\"45\" srcset=\"https:\/\/homesland.vn\/blog\/wp-content\/uploads\/2020\/03\/icon_blue_map@3x.png 144w, https:\/\/homesland.vn\/blog\/wp-content\/uploads\/2020\/03\/icon_blue_map@3x-115x115.png 115w\" sizes=\"(max-width: 45px) 100vw, 45px\" \/><br \/>\n<span style=\"font-size: 18pt;\"><strong>Xem nh\u00e0<\/strong><\/span><br \/>\nCh\u1ed1t ng\u00e0y, gi\u1edd \u0111i xem c\u0103n h\u1ed9 b\u1ea1n th\u00edch<\/p>\n<\/div><\/div> <div class=\"su-column su-column-size-1-4\"><div class=\"su-column-inner su-u-clearfix su-u-trim\">\n<p style=\"text-align: center;\"><img decoding=\"async\" loading=\"lazy\" class=\"aligncenter wp-image-6439\" src=\"http:\/\/homesland.vn\/blog\/wp-content\/uploads\/2020\/03\/icon_blue_contract@3x.png\" alt=\"k\u00fd h\u1ee3p \u0111\u1ed3ng\" width=\"45\" height=\"45\" \/><br \/>\n<span style=\"font-size: 18pt;\"><strong>K\u00fd h\u1ee3p \u0111\u1ed3ng<\/strong><\/span><br \/>\n\u0110\u1eb7t c\u1ecdc \u0111\u1ec3 kho\u00e1 c\u0103n h\u1ed9 b\u1ea1n th\u00edch v\u00e0 k\u00fd h\u1ee3p \u0111\u1ed3ng<\/p>\n<\/div><\/div><div class=\"su-column su-column-size-1-4\"><div class=\"su-column-inner su-u-clearfix su-u-trim\">\n<p style=\"text-align: center;\"><img decoding=\"async\" loading=\"lazy\" class=\"aligncenter wp-image-6439\" src=\"http:\/\/homesland.vn\/blog\/wp-content\/uploads\/2020\/03\/icon_blue_home@3x.png\" alt=\"v\u00e0o nh\u00e0\" width=\"45\" height=\"45\" \/><br \/>\n<span style=\"font-size: 18pt;\"><strong>V\u00e0o nh\u00e0<\/strong><\/span><br \/>\nNh\u1eadn nh\u00e0 v\u00e0 chuy\u1ec3n v\u00e0o c\u0103n h\u1ed9<\/p>\n<\/div><\/div><\/div>\n<p style=\"text-align: center;\"><span style=\"color: #800000;\"><span style=\"font-size: 24px;\"><b>V\u00cc SAO B\u1ea0N N\u00caN CH\u1eccN CH\u00daNG T\u00d4I?<\/b><\/span><\/span> <img decoding=\"async\" loading=\"lazy\" class=\"aligncenter size-full wp-image-977\" src=\"http:\/\/homesland.vn\/blog\/wp-content\/uploads\/2018\/03\/bg-content-homesland.png\" alt=\"homesland.vn\" width=\"740\" height=\"31\" \/><div class=\"su-row\"><div class=\"su-column su-column-size-1-3\"><div class=\"su-column-inner su-u-clearfix su-u-trim\">\n<p style=\"text-align: center;\"><img decoding=\"async\" loading=\"lazy\" class=\"aligncenter size-full wp-image-6436\" src=\"http:\/\/homesland.vn\/blog\/wp-content\/uploads\/2020\/03\/find-home-first.jpg\" alt=\"find-home-first\" width=\"272\" height=\"150\" \/><br \/>\n<span style=\"font-size: 18pt;\"><strong>Th\u00f4ng tin ch\u00ednh x\u00e1c<\/strong><\/span><br \/>\nTh\u00f4ng tin c\u0103n h\u1ed9 \u0111\u01b0\u1ee3c c\u1eadp nh\u1eadt li\u00ean t\u1ee5c m\u1ed7i 5 ph\u00fat.<\/p>\n<\/div><\/div> <div class=\"su-column su-column-size-1-3\"><div class=\"su-column-inner su-u-clearfix su-u-trim\">\n<p style=\"text-align: center;\"><img decoding=\"async\" loading=\"lazy\" class=\"aligncenter size-full wp-image-6436\" src=\"http:\/\/homesland.vn\/blog\/wp-content\/uploads\/2020\/03\/tour-faster.jpg\" alt=\"find-home-first\" width=\"272\" height=\"150\" \/><br \/>\n<span style=\"font-size: 18pt;\"><strong>Xem c\u0103n h\u1ed9 nhanh<\/strong><\/span><br \/>\nTr\u1ef1c ti\u1ebfp th\u0103m quan c\u0103n h\u1ed9 nhanh ch\u00f3ng, ngay trong ng\u00e0y.<\/p>\n<\/div><\/div> <div class=\"su-column su-column-size-1-3\"><div class=\"su-column-inner su-u-clearfix su-u-trim\">\n<p style=\"text-align: center;\"><img decoding=\"async\" loading=\"lazy\" class=\"aligncenter size-full wp-image-6436\" src=\"http:\/\/homesland.vn\/blog\/wp-content\/uploads\/2020\/03\/free-service.jpg\" alt=\"d\u1ecbch v\u1ee5 mi\u1ec5n ph\u00ed\" width=\"272\" height=\"150\" \/><br \/>\n<span style=\"font-size: 18pt;\"><strong>Th\u00f4ng tin ch\u00ednh x\u00e1c<\/strong><\/span><br \/>\nT\u1ea5t c\u1ea3 d\u1ecbch v\u1ee5 ho\u00e0n to\u00e0n mi\u1ec5n ph\u00ed.<\/p>\n<\/div><\/div><\/div><\/p>\n","protected":false},"excerpt":{"rendered":"<p>HOMESLAND MUA B\u00c1N &amp; CHO THU\u00ca C\u0102N H\u1ed8 VINHOMES QUY TR\u00ccNH L\u00c0M VI\u1ec6C \u0110\u01a0N GI\u1ea2N V\u00cc SAO B\u1ea0N N\u00caN CH\u1eccN CH\u00daNG T\u00d4I?<\/p>\n","protected":false},"author":3,"featured_media":6448,"parent":0,"menu_order":0,"comment_status":"closed","ping_status":"closed","template":"page-nosidebar.php","meta":[],"yoast_head":"<!-- This site is optimized with the Yoast SEO plugin v19.13 - https:\/\/yoast.com\/wordpress\/plugins\/seo\/ -->\n<title>HOMESLAND VI\u1ec6T NAM<\/title>\n<meta name=\"description\" content=\"HOMESLAND chuy\u00ean B\u00e1n &amp; Cho thu\u00ea c\u0103n h\u1ed9 t\u1ea1i H\u00e0 N\u1ed9i. C\u00e1c d\u1ef1 \u00e1n nh\u01b0 Royal City, Imperia Sky Garden, Hinode City, Green Pearl \u0111\u01b0\u1eddng Minh Khai.\" \/>\n<meta name=\"robots\" content=\"index, follow, max-snippet:-1, max-image-preview:large, max-video-preview:-1\" \/>\n<link rel=\"canonical\" href=\"https:\/\/homesland.vn\/blog\/\" \/>\n<meta property=\"og:locale\" content=\"vi_VN\" \/>\n<meta property=\"og:type\" content=\"article\" \/>\n<meta property=\"og:title\" content=\"HOMESLAND VI\u1ec6T NAM\" \/>\n<meta property=\"og:description\" content=\"HOMESLAND chuy\u00ean B\u00e1n &amp; Cho thu\u00ea c\u0103n h\u1ed9 t\u1ea1i H\u00e0 N\u1ed9i. C\u00e1c d\u1ef1 \u00e1n nh\u01b0 Royal City, Imperia Sky Garden, Hinode City, Green Pearl \u0111\u01b0\u1eddng Minh Khai.\" \/>\n<meta property=\"og:url\" content=\"https:\/\/homesland.vn\/blog\/\" \/>\n<meta property=\"og:site_name\" content=\"HOMESLAND\" \/>\n<meta property=\"article:modified_time\" content=\"2020-12-03T09:20:42+00:00\" \/>\n<meta property=\"og:image\" content=\"https:\/\/homesland.vn\/blog\/wp-content\/uploads\/2020\/03\/homesland-10x10cm.png\" \/>\n\t<meta property=\"og:image:width\" content=\"1181\" \/>\n\t<meta property=\"og:image:height\" content=\"1181\" \/>\n\t<meta property=\"og:image:type\" content=\"image\/png\" \/>\n<meta name=\"twitter:card\" content=\"summary_large_image\" \/>\n<script type=\"application\/ld+json\" class=\"yoast-schema-graph\">{\"@context\":\"https:\/\/schema.org\",\"@graph\":[{\"@type\":\"WebPage\",\"@id\":\"https:\/\/homesland.vn\/blog\/\",\"url\":\"https:\/\/homesland.vn\/blog\/\",\"name\":\"HOMESLAND VI\u1ec6T NAM\",\"isPartOf\":{\"@id\":\"https:\/\/homesland.vn\/blog\/#website\"},\"datePublished\":\"2020-03-02T04:52:39+00:00\",\"dateModified\":\"2020-12-03T09:20:42+00:00\",\"description\":\"HOMESLAND chuy\u00ean B\u00e1n & Cho thu\u00ea c\u0103n h\u1ed9 t\u1ea1i H\u00e0 N\u1ed9i. C\u00e1c d\u1ef1 \u00e1n nh\u01b0 Royal City, Imperia Sky Garden, Hinode City, Green Pearl \u0111\u01b0\u1eddng Minh Khai.\",\"inLanguage\":\"vi\",\"potentialAction\":[{\"@type\":\"ReadAction\",\"target\":[\"https:\/\/homesland.vn\/blog\/\"]}]},{\"@type\":\"WebSite\",\"@id\":\"https:\/\/homesland.vn\/blog\/#website\",\"url\":\"https:\/\/homesland.vn\/blog\/\",\"name\":\"HOMESLAND\",\"description\":\"Real Estale\",\"potentialAction\":[{\"@type\":\"SearchAction\",\"target\":{\"@type\":\"EntryPoint\",\"urlTemplate\":\"https:\/\/homesland.vn\/blog\/?s={search_term_string}\"},\"query-input\":\"required name=search_term_string\"}],\"inLanguage\":\"vi\"}]}<\/script>\n<!-- \/ Yoast SEO plugin. -->","yoast_head_json":{"title":"HOMESLAND VI\u1ec6T NAM","description":"HOMESLAND chuy\u00ean B\u00e1n & Cho thu\u00ea c\u0103n h\u1ed9 t\u1ea1i H\u00e0 N\u1ed9i. C\u00e1c d\u1ef1 \u00e1n nh\u01b0 Royal City, Imperia Sky Garden, Hinode City, Green Pearl \u0111\u01b0\u1eddng Minh Khai.","robots":{"index":"index","follow":"follow","max-snippet":"max-snippet:-1","max-image-preview":"max-image-preview:large","max-video-preview":"max-video-preview:-1"},"canonical":"https:\/\/homesland.vn\/blog\/","og_locale":"vi_VN","og_type":"article","og_title":"HOMESLAND VI\u1ec6T NAM","og_description":"HOMESLAND chuy\u00ean B\u00e1n & Cho thu\u00ea c\u0103n h\u1ed9 t\u1ea1i H\u00e0 N\u1ed9i. C\u00e1c d\u1ef1 \u00e1n nh\u01b0 Royal City, Imperia Sky Garden, Hinode City, Green Pearl \u0111\u01b0\u1eddng Minh Khai.","og_url":"https:\/\/homesland.vn\/blog\/","og_site_name":"HOMESLAND","article_modified_time":"2020-12-03T09:20:42+00:00","og_image":[{"width":1181,"height":1181,"url":"https:\/\/homesland.vn\/blog\/wp-content\/uploads\/2020\/03\/homesland-10x10cm.png","type":"image\/png"}],"twitter_card":"summary_large_image","schema":{"@context":"https:\/\/schema.org","@graph":[{"@type":"WebPage","@id":"https:\/\/homesland.vn\/blog\/","url":"https:\/\/homesland.vn\/blog\/","name":"HOMESLAND VI\u1ec6T NAM","isPartOf":{"@id":"https:\/\/homesland.vn\/blog\/#website"},"datePublished":"2020-03-02T04:52:39+00:00","dateModified":"2020-12-03T09:20:42+00:00","description":"HOMESLAND chuy\u00ean B\u00e1n & Cho thu\u00ea c\u0103n h\u1ed9 t\u1ea1i H\u00e0 N\u1ed9i. C\u00e1c d\u1ef1 \u00e1n nh\u01b0 Royal City, Imperia Sky Garden, Hinode City, Green Pearl \u0111\u01b0\u1eddng Minh Khai.","inLanguage":"vi","potentialAction":[{"@type":"ReadAction","target":["https:\/\/homesland.vn\/blog\/"]}]},{"@type":"WebSite","@id":"https:\/\/homesland.vn\/blog\/#website","url":"https:\/\/homesland.vn\/blog\/","name":"HOMESLAND","description":"Real Estale","potentialAction":[{"@type":"SearchAction","target":{"@type":"EntryPoint","urlTemplate":"https:\/\/homesland.vn\/blog\/?s={search_term_string}"},"query-input":"required name=search_term_string"}],"inLanguage":"vi"}]}},"_links":{"self":[{"href":"https:\/\/homesland.vn\/blog\/wp-json\/wp\/v2\/pages\/3813"}],"collection":[{"href":"https:\/\/homesland.vn\/blog\/wp-json\/wp\/v2\/pages"}],"about":[{"href":"https:\/\/homesland.vn\/blog\/wp-json\/wp\/v2\/types\/page"}],"author":[{"embeddable":true,"href":"https:\/\/homesland.vn\/blog\/wp-json\/wp\/v2\/users\/3"}],"replies":[{"embeddable":true,"href":"https:\/\/homesland.vn\/blog\/wp-json\/wp\/v2\/comments?post=3813"}],"version-history":[{"count":61,"href":"https:\/\/homesland.vn\/blog\/wp-json\/wp\/v2\/pages\/3813\/revisions"}],"predecessor-version":[{"id":7633,"href":"https:\/\/homesland.vn\/blog\/wp-json\/wp\/v2\/pages\/3813\/revisions\/7633"}],"wp:featuredmedia":[{"embeddable":true,"href":"https:\/\/homesland.vn\/blog\/wp-json\/wp\/v2\/media\/6448"}],"wp:attachment":[{"href":"https:\/\/homesland.vn\/blog\/wp-json\/wp\/v2\/media?parent=3813"}],"curies":[{"name":"wp","href":"https:\/\/api.w.org\/{rel}","templated":true}]}}