{"id":3501,"date":"2017-12-08T08:17:33","date_gmt":"2017-12-08T08:17:33","guid":{"rendered":"http:\/\/www.hungphatland.com\/?page_id=3501"},"modified":"2022-07-30T03:29:06","modified_gmt":"2022-07-30T03:29:06","slug":"cho-thue-219-trung-kinh-central-field","status":"publish","type":"page","link":"https:\/\/homesland.vn\/blog\/cho-thue-219-trung-kinh-central-field","title":{"rendered":"Cho thu\u00ea chung c\u01b0 219 Trung K\u00ednh &#8211; Central Field"},"content":{"rendered":"<p style=\"text-align: center;\"><span style=\"font-size: 18pt;\"><strong>Cho thu\u00ea chung c\u01b0 219 Trung K\u00ednh \u2013 Central Field<\/strong><\/span><\/p>\n<p style=\"text-align: center;\"><span style=\"font-size: 18pt;\"><strong><span style=\"color: #ff0000;\">HOTLINE:<\/span>\u00a0<span style=\"color: #ff0000;\">09xx.xxx.xxx\u00a0<\/span><\/strong><\/span><\/p>\n<p><span style=\"font-size: 14pt; color: #800000;\"><em>Cho thu\u00ea 219 Trung K\u00ednh &#8211; MBLand Central Point, cho thu\u00ea nhi\u1ec1u c\u0103n h\u1ed9 chung c\u01b0 219 Trung K\u00ednh &#8211; MB Land, gi\u00e1 thu\u00ea t\u1eeb 8tr &#8211; 15tr\/th\u00e1ng.\u00a0<\/em><\/span><\/p>\n<p><span style=\"font-size: 14pt;\"><strong>&#8211; C\u0103n g\u00f3c s\u1ed1 01,<\/strong> di\u1ec7n t\u00edch 75m2, thi\u1ebft k\u1ebf 2 ph\u00f2ng ng\u1ee7, 2WC, nh\u00e0 c\u00f3 n\u1ed9i th\u1ea5t c\u01a1 b\u1ea3n cho thu\u00ea gi\u00e1 t\u1eeb <span style=\"color: #ff0000;\">10 tri\u1ec7u\/th\u00e1ng<\/span>.\u00a0<\/span><\/p>\n<p><span style=\"font-size: 14pt;\">+ \u0110\u1ee7 \u0111\u1ed3 cho thu\u00ea gi\u00e1 t\u1eeb <span style=\"color: #ff0000;\">12 \u2013 15 tri\u1ec7u\/th\u00e1ng.\u00a0<\/span><\/span><\/p>\n<p><span style=\"font-size: 14pt;\"><strong>&#8211; C\u0103n s\u1ed1 02,03, 04, 05, 06,<\/strong> di\u1ec7n t\u00edch 68m2, thi\u1ebft k\u1ebf 2 ph\u00f2ng ng\u1ee7, 2 WC, ban c\u00f4ng T\u00e2y B\u1eafc t\u00f2a A, v\u00e0 \u0110\u00f4ng Nam t\u00f2a B, \u0111\u1ed3 c\u01a1 b\u1ea3n cho thu\u00ea gi\u00e1 t\u1eeb <span style=\"color: #ff0000;\">9,5 tri\u1ec7u\/th\u00e1ng.<\/span><\/span><\/p>\n<p><span style=\"font-size: 14pt;\">+ \u0110\u1ee7 \u0111\u1ed3 cho thu\u00ea gi\u00e1 t\u1eeb <span style=\"color: #ff0000;\">12-15 tri\u1ec7u\/th\u00e1ng.\u00a0<\/span><\/span><\/p>\n<p><span style=\"font-size: 14pt;\"><strong>&#8211; C\u0103n s\u1ed1 07<\/strong> l\u00e0 c\u0103n g\u00f3c duy nh\u1ea5t view tr\u1ecdn \u0111\u01b0\u1eddng Trung K\u00ednh di\u1ec7n t\u00edch 64.7m2, thi\u1ebft k\u1ebf 2 ph\u00f2ng ng\u1ee7, 2 WC, n\u1ed9i th\u1ea5t c\u01a1 b\u1ea3n cho thu\u00ea t\u1eeb <span style=\"color: #ff0000;\">9 tri\u1ec7u\/th\u00e1ng.\u00a0<\/span><\/span><\/p>\n<p><span style=\"font-size: 14pt;\">+ N\u1ebfu s\u1eafm \u0111\u1ee7 \u0111\u1ed3 cho thu\u00ea t\u1eeb <span style=\"color: #ff0000;\">11-13 tri\u1ec7u\/th\u00e1ng.\u00a0<\/span><\/span><\/p>\n<p><span style=\"font-size: 14pt;\"><strong>&#8211; C\u0103n s\u1ed1 08, 09, 10,<\/strong> di\u1ec7n t\u00edch 69m2, thi\u1ebft k\u1ebf 2 ph\u00f2ng ng\u1ee7, 2 WC, nh\u00e0 c\u00f3 n\u1ed9i th\u1ea5t c\u01a1 b\u1ea3n cho thu\u00ea gi\u00e1 t\u1eeb <span style=\"color: #ff0000;\">9 tri\u1ec7u\/th\u00e1ng.<\/span>\u00a0<\/span><\/p>\n<p><span style=\"font-size: 14pt;\">+ N\u1ebfu s\u1eafm \u0111\u1ee7 \u0111\u1ed3 cho thu\u00ea gi\u00e1 t\u1eeb <span style=\"color: #ff0000;\">11-13 tri\u1ec7u\/th\u00e1ng<\/span>.\u00a0<\/span><\/p>\n<p><span style=\"font-size: 14pt;\"><strong>&#8211; C\u0103n s\u1ed1 11<\/strong> di\u1ec7n t\u00edch 74 m2, thi\u1ebft k\u1ebf 2 ph\u00f2ng ng\u1ee7, 2 WC, nh\u00e0 c\u00f3 n\u1ed9i th\u1ea5t c\u01a1 b\u1ea3n cho thu\u00ea gi\u00e1 t\u1eeb <span style=\"color: #ff0000;\">10 tri\u1ec7u\/th\u00e1ng.\u00a0<\/span><\/span><\/p>\n<p><span style=\"font-size: 14pt;\">+ N\u1ebfu s\u1eafm \u0111\u1ee7 \u0111\u1ed3 cho thu\u00ea gi\u00e1 t\u1eeb <span style=\"color: #ff0000;\">12 &#8211; 15 tri\u1ec7u\/th\u00e1ng.\u00a0<\/span><\/span><\/p>\n<p><span style=\"font-size: 14pt;\"><strong>C\u0103n h\u1ed9 Penthouse 219 Trung K\u00ednh<\/strong> c\u00f3 di\u1ec7n t\u00edch t\u1eeb: 141m2 &#8211; 230m2, \u0111\u01b0\u1ee3c thi\u1ebft k\u1ebf sang tr\u1ecdng, r\u1ed9ng r\u00e3i, c\u00f3 s\u00e2n v\u01b0\u1eddn r\u1ed9ng \u0111\u1ec3 gi\u1ea3i tr\u00ed sau 1 ng\u00e0y l\u00e0m vi\u1ec7c b\u1eadn r\u1ed9n, c\u0103n h\u1ed9 n\u1eb1m tr\u00ean t\u1ea7ng 29 c\u1ee7a t\u00f2a nh\u00e0.<\/span><br \/>\n<span style=\"font-size: 14pt;\"><span style=\"color: #ff0000;\"> Gi\u00e1 cho thu\u00ea t\u1eeb 20tr &#8211; 30tr\/th\u00e1ng.<\/span>\u00a0<\/span><\/p>\n<p><span style=\"font-size: 18pt;\">Ngo\u00e0i ra ch\u00fang t\u00f4i c\u00f2n c\u00f3 nhi\u1ec1u c\u0103n kh\u00e1c \u0111\u1ec3 qu\u00fd kh\u00e1ch l\u1ef1a ch\u1ecdn.<\/span><br \/>\n<span style=\"font-size: 18pt;\"><strong> Qu\u00fd kh\u00e1ch vui l\u00f2ng li\u00ean h\u1ec7 (24\/24):<\/strong> <span style=\"color: #ff0000;\">Hotline:<\/span>\u00a0<strong><span style=\"color: #ff0000;\">09xx.xxx.xxx<\/span><\/strong><\/span><\/p>\n<p><img decoding=\"async\" loading=\"lazy\" class=\"aligncenter size-full wp-image-3503\" src=\"http:\/\/homesland.vn\/blog\/wp-content\/uploads\/2017\/12\/mat-bang-can-ho-219-trung-kinh.png\" alt=\"m\u1eb7t b\u1eb1ng c\u0103n h\u1ed9 219 trung k\u00ednh\" width=\"850\" height=\"601\" srcset=\"https:\/\/homesland.vn\/blog\/wp-content\/uploads\/2017\/12\/mat-bang-can-ho-219-trung-kinh.png 850w, https:\/\/homesland.vn\/blog\/wp-content\/uploads\/2017\/12\/mat-bang-can-ho-219-trung-kinh-300x212.png 300w, https:\/\/homesland.vn\/blog\/wp-content\/uploads\/2017\/12\/mat-bang-can-ho-219-trung-kinh-768x543.png 768w\" sizes=\"(max-width: 850px) 100vw, 850px\" \/><\/p>\n<p><img decoding=\"async\" loading=\"lazy\" class=\"aligncenter size-full wp-image-3502\" src=\"http:\/\/homesland.vn\/blog\/wp-content\/uploads\/2017\/12\/Central-Field.jpg\" alt=\"chung c\u01b0 219 trung k\u00ednh central field\" width=\"850\" height=\"497\" srcset=\"https:\/\/homesland.vn\/blog\/wp-content\/uploads\/2017\/12\/Central-Field.jpg 850w, https:\/\/homesland.vn\/blog\/wp-content\/uploads\/2017\/12\/Central-Field-300x175.jpg 300w, https:\/\/homesland.vn\/blog\/wp-content\/uploads\/2017\/12\/Central-Field-768x449.jpg 768w\" sizes=\"(max-width: 850px) 100vw, 850px\" \/><\/p>\n","protected":false},"excerpt":{"rendered":"<p>Cho thu\u00ea chung c\u01b0 219 Trung K\u00ednh \u2013 Central Field HOTLINE:\u00a009xx.xxx.xxx\u00a0 Cho thu\u00ea 219 Trung K\u00ednh &#8211; MBLand Central Point, cho thu\u00ea nhi\u1ec1u c\u0103n h\u1ed9 chung c\u01b0 219 Trung K\u00ednh &#8211; MB Land, gi\u00e1 thu\u00ea t\u1eeb 8tr &#8211; 15tr\/th\u00e1ng.\u00a0 &#8211; C\u0103n g\u00f3c s\u1ed1 01, di\u1ec7n t\u00edch 75m2, thi\u1ebft k\u1ebf 2 ph\u00f2ng ng\u1ee7, 2WC, nh\u00e0 c\u00f3 n\u1ed9i th\u1ea5t c\u01a1 b\u1ea3n cho thu\u00ea gi\u00e1 t\u1eeb 10 tri\u1ec7u\/th\u00e1ng.\u00a0 + \u0110\u1ee7 \u0111\u1ed3 cho thu\u00ea gi\u00e1 t\u1eeb 12 \u2013 15 tri\u1ec7u\/th\u00e1ng.\u00a0 &#8211; C\u0103n s\u1ed1 02,03, 04, 05, 06, di\u1ec7n t\u00edch 68m2, thi\u1ebft k\u1ebf 2 ph\u00f2ng ng\u1ee7, 2 WC, ban c\u00f4ng T\u00e2y B\u1eafc t\u00f2a A, v\u00e0 <\/p>\n","protected":false},"author":3,"featured_media":3502,"parent":0,"menu_order":0,"comment_status":"closed","ping_status":"closed","template":"","meta":[],"yoast_head":"<!-- This site is optimized with the Yoast SEO plugin v19.13 - https:\/\/yoast.com\/wordpress\/plugins\/seo\/ -->\n<title>Cho thu\u00ea chung c\u01b0 219 Trung K\u00ednh - Central Field - HOMESLAND<\/title>\n<meta name=\"robots\" content=\"index, follow, max-snippet:-1, max-image-preview:large, max-video-preview:-1\" \/>\n<link rel=\"canonical\" href=\"https:\/\/homesland.vn\/blog\/cho-thue-219-trung-kinh-central-field\" \/>\n<meta property=\"og:locale\" content=\"vi_VN\" \/>\n<meta property=\"og:type\" content=\"article\" \/>\n<meta property=\"og:title\" content=\"Cho thu\u00ea chung c\u01b0 219 Trung K\u00ednh - Central Field - HOMESLAND\" \/>\n<meta property=\"og:description\" content=\"Cho thu\u00ea chung c\u01b0 219 Trung K\u00ednh \u2013 Central Field HOTLINE:\u00a009xx.xxx.xxx\u00a0 Cho thu\u00ea 219 Trung K\u00ednh &#8211; MBLand Central Point, cho thu\u00ea nhi\u1ec1u c\u0103n h\u1ed9 chung c\u01b0 219 Trung K\u00ednh &#8211; MB Land, gi\u00e1 thu\u00ea t\u1eeb 8tr &#8211; 15tr\/th\u00e1ng.\u00a0 &#8211; C\u0103n g\u00f3c s\u1ed1 01, di\u1ec7n t\u00edch 75m2, thi\u1ebft k\u1ebf 2 ph\u00f2ng ng\u1ee7, 2WC, nh\u00e0 c\u00f3 n\u1ed9i th\u1ea5t c\u01a1 b\u1ea3n cho thu\u00ea gi\u00e1 t\u1eeb 10 tri\u1ec7u\/th\u00e1ng.\u00a0 + \u0110\u1ee7 \u0111\u1ed3 cho thu\u00ea gi\u00e1 t\u1eeb 12 \u2013 15 tri\u1ec7u\/th\u00e1ng.\u00a0 &#8211; C\u0103n s\u1ed1 02,03, 04, 05, 06, di\u1ec7n t\u00edch 68m2, thi\u1ebft k\u1ebf 2 ph\u00f2ng ng\u1ee7, 2 WC, ban c\u00f4ng T\u00e2y B\u1eafc t\u00f2a A, v\u00e0\" \/>\n<meta property=\"og:url\" content=\"https:\/\/homesland.vn\/blog\/cho-thue-219-trung-kinh-central-field\" \/>\n<meta property=\"og:site_name\" content=\"HOMESLAND\" \/>\n<meta property=\"article:modified_time\" content=\"2022-07-30T03:29:06+00:00\" \/>\n<meta property=\"og:image\" content=\"https:\/\/homesland.vn\/blog\/wp-content\/uploads\/2017\/12\/Central-Field.jpg\" \/>\n\t<meta property=\"og:image:width\" content=\"850\" \/>\n\t<meta property=\"og:image:height\" content=\"497\" \/>\n\t<meta property=\"og:image:type\" content=\"image\/jpeg\" \/>\n<meta name=\"twitter:card\" content=\"summary_large_image\" \/>\n<meta name=\"twitter:label1\" content=\"\u01af\u1edbc t\u00ednh th\u1eddi gian \u0111\u1ecdc\" \/>\n\t<meta name=\"twitter:data1\" content=\"2 ph\u00fat\" \/>\n<script type=\"application\/ld+json\" class=\"yoast-schema-graph\">{\"@context\":\"https:\/\/schema.org\",\"@graph\":[{\"@type\":\"WebPage\",\"@id\":\"https:\/\/homesland.vn\/blog\/cho-thue-219-trung-kinh-central-field\",\"url\":\"https:\/\/homesland.vn\/blog\/cho-thue-219-trung-kinh-central-field\",\"name\":\"Cho thu\u00ea chung c\u01b0 219 Trung K\u00ednh - Central Field - HOMESLAND\",\"isPartOf\":{\"@id\":\"https:\/\/homesland.vn\/blog\/#website\"},\"datePublished\":\"2017-12-08T08:17:33+00:00\",\"dateModified\":\"2022-07-30T03:29:06+00:00\",\"breadcrumb\":{\"@id\":\"https:\/\/homesland.vn\/blog\/cho-thue-219-trung-kinh-central-field#breadcrumb\"},\"inLanguage\":\"vi\",\"potentialAction\":[{\"@type\":\"ReadAction\",\"target\":[\"https:\/\/homesland.vn\/blog\/cho-thue-219-trung-kinh-central-field\"]}]},{\"@type\":\"BreadcrumbList\",\"@id\":\"https:\/\/homesland.vn\/blog\/cho-thue-219-trung-kinh-central-field#breadcrumb\",\"itemListElement\":[{\"@type\":\"ListItem\",\"position\":1,\"name\":\"Home\",\"item\":\"https:\/\/homesland.vn\/blog\/\"},{\"@type\":\"ListItem\",\"position\":2,\"name\":\"Cho thu\u00ea chung c\u01b0 219 Trung K\u00ednh &#8211; Central Field\"}]},{\"@type\":\"WebSite\",\"@id\":\"https:\/\/homesland.vn\/blog\/#website\",\"url\":\"https:\/\/homesland.vn\/blog\/\",\"name\":\"HOMESLAND\",\"description\":\"Real Estale\",\"potentialAction\":[{\"@type\":\"SearchAction\",\"target\":{\"@type\":\"EntryPoint\",\"urlTemplate\":\"https:\/\/homesland.vn\/blog\/?s={search_term_string}\"},\"query-input\":\"required name=search_term_string\"}],\"inLanguage\":\"vi\"}]}<\/script>\n<!-- \/ Yoast SEO plugin. -->","yoast_head_json":{"title":"Cho thu\u00ea chung c\u01b0 219 Trung K\u00ednh - Central Field - HOMESLAND","robots":{"index":"index","follow":"follow","max-snippet":"max-snippet:-1","max-image-preview":"max-image-preview:large","max-video-preview":"max-video-preview:-1"},"canonical":"https:\/\/homesland.vn\/blog\/cho-thue-219-trung-kinh-central-field","og_locale":"vi_VN","og_type":"article","og_title":"Cho thu\u00ea chung c\u01b0 219 Trung K\u00ednh - Central Field - HOMESLAND","og_description":"Cho thu\u00ea chung c\u01b0 219 Trung K\u00ednh \u2013 Central Field HOTLINE:\u00a009xx.xxx.xxx\u00a0 Cho thu\u00ea 219 Trung K\u00ednh &#8211; MBLand Central Point, cho thu\u00ea nhi\u1ec1u c\u0103n h\u1ed9 chung c\u01b0 219 Trung K\u00ednh &#8211; MB Land, gi\u00e1 thu\u00ea t\u1eeb 8tr &#8211; 15tr\/th\u00e1ng.\u00a0 &#8211; C\u0103n g\u00f3c s\u1ed1 01, di\u1ec7n t\u00edch 75m2, thi\u1ebft k\u1ebf 2 ph\u00f2ng ng\u1ee7, 2WC, nh\u00e0 c\u00f3 n\u1ed9i th\u1ea5t c\u01a1 b\u1ea3n cho thu\u00ea gi\u00e1 t\u1eeb 10 tri\u1ec7u\/th\u00e1ng.\u00a0 + \u0110\u1ee7 \u0111\u1ed3 cho thu\u00ea gi\u00e1 t\u1eeb 12 \u2013 15 tri\u1ec7u\/th\u00e1ng.\u00a0 &#8211; C\u0103n s\u1ed1 02,03, 04, 05, 06, di\u1ec7n t\u00edch 68m2, thi\u1ebft k\u1ebf 2 ph\u00f2ng ng\u1ee7, 2 WC, ban c\u00f4ng T\u00e2y B\u1eafc t\u00f2a A, v\u00e0","og_url":"https:\/\/homesland.vn\/blog\/cho-thue-219-trung-kinh-central-field","og_site_name":"HOMESLAND","article_modified_time":"2022-07-30T03:29:06+00:00","og_image":[{"width":850,"height":497,"url":"https:\/\/homesland.vn\/blog\/wp-content\/uploads\/2017\/12\/Central-Field.jpg","type":"image\/jpeg"}],"twitter_card":"summary_large_image","twitter_misc":{"\u01af\u1edbc t\u00ednh th\u1eddi gian \u0111\u1ecdc":"2 ph\u00fat"},"schema":{"@context":"https:\/\/schema.org","@graph":[{"@type":"WebPage","@id":"https:\/\/homesland.vn\/blog\/cho-thue-219-trung-kinh-central-field","url":"https:\/\/homesland.vn\/blog\/cho-thue-219-trung-kinh-central-field","name":"Cho thu\u00ea chung c\u01b0 219 Trung K\u00ednh - Central Field - HOMESLAND","isPartOf":{"@id":"https:\/\/homesland.vn\/blog\/#website"},"datePublished":"2017-12-08T08:17:33+00:00","dateModified":"2022-07-30T03:29:06+00:00","breadcrumb":{"@id":"https:\/\/homesland.vn\/blog\/cho-thue-219-trung-kinh-central-field#breadcrumb"},"inLanguage":"vi","potentialAction":[{"@type":"ReadAction","target":["https:\/\/homesland.vn\/blog\/cho-thue-219-trung-kinh-central-field"]}]},{"@type":"BreadcrumbList","@id":"https:\/\/homesland.vn\/blog\/cho-thue-219-trung-kinh-central-field#breadcrumb","itemListElement":[{"@type":"ListItem","position":1,"name":"Home","item":"https:\/\/homesland.vn\/blog\/"},{"@type":"ListItem","position":2,"name":"Cho thu\u00ea chung c\u01b0 219 Trung K\u00ednh &#8211; Central Field"}]},{"@type":"WebSite","@id":"https:\/\/homesland.vn\/blog\/#website","url":"https:\/\/homesland.vn\/blog\/","name":"HOMESLAND","description":"Real Estale","potentialAction":[{"@type":"SearchAction","target":{"@type":"EntryPoint","urlTemplate":"https:\/\/homesland.vn\/blog\/?s={search_term_string}"},"query-input":"required name=search_term_string"}],"inLanguage":"vi"}]}},"_links":{"self":[{"href":"https:\/\/homesland.vn\/blog\/wp-json\/wp\/v2\/pages\/3501"}],"collection":[{"href":"https:\/\/homesland.vn\/blog\/wp-json\/wp\/v2\/pages"}],"about":[{"href":"https:\/\/homesland.vn\/blog\/wp-json\/wp\/v2\/types\/page"}],"author":[{"embeddable":true,"href":"https:\/\/homesland.vn\/blog\/wp-json\/wp\/v2\/users\/3"}],"replies":[{"embeddable":true,"href":"https:\/\/homesland.vn\/blog\/wp-json\/wp\/v2\/comments?post=3501"}],"version-history":[{"count":4,"href":"https:\/\/homesland.vn\/blog\/wp-json\/wp\/v2\/pages\/3501\/revisions"}],"predecessor-version":[{"id":8774,"href":"https:\/\/homesland.vn\/blog\/wp-json\/wp\/v2\/pages\/3501\/revisions\/8774"}],"wp:featuredmedia":[{"embeddable":true,"href":"https:\/\/homesland.vn\/blog\/wp-json\/wp\/v2\/media\/3502"}],"wp:attachment":[{"href":"https:\/\/homesland.vn\/blog\/wp-json\/wp\/v2\/media?parent=3501"}],"curies":[{"name":"wp","href":"https:\/\/api.w.org\/{rel}","templated":true}]}}