{"id":2974,"date":"2017-09-13T02:28:51","date_gmt":"2017-09-13T02:28:51","guid":{"rendered":"http:\/\/www.hungphatland.com\/?page_id=2974"},"modified":"2022-07-04T14:22:56","modified_gmt":"2022-07-04T14:22:56","slug":"ban-skycity-88-lang-ha","status":"publish","type":"page","link":"https:\/\/homesland.vn\/blog\/ban-skycity-88-lang-ha","title":{"rendered":"b\u00e1n Skycity 88 l\u00e1ng h\u1ea1"},"content":{"rendered":"<p><span style=\"font-size: 14pt;\"><strong>B\u00e1n chung c\u01b0 88 L\u00e1ng H\u1ea1<\/strong>\u00a0c\u00e1c lo\u1ea1i di\u1ec7n t\u00edch t\u1eeb 101 \u2013 172m2 thu\u1ed9c 2 t\u00f2a th\u00e1p A v\u00e0 B \u2013 Sky City Tower. C\u00e1c c\u0103n h\u1ed9 \u0111\u00e3 \u0111\u01b0\u1ee3c ho\u00e0n thi\u1ec7n t\u1ec9 m\u1ec9 v\u1edbi phong c\u00e1ch thi\u1ebft k\u1ebf sang tr\u1ecdng v\u00e0 \u0111\u1eb3ng c\u1ea5p. C\u0103n h\u1ed9 \u0111\u1eb9p, m\u1eb7t tho\u00e1ng c\u00f3 ban c\u00f4ng nh\u00ecn ra \u0111\u01b0\u1eddng L\u00ea V\u0103n L\u01b0\u01a1ng v\u00e0 \u0111\u01b0\u1eddng L\u00e1ng, L\u00e1ng H\u1ea1, ph\u00f2ng nhi\u1ec1u \u00e1nh s\u00e1ng t\u1ef1 nhi\u00ean. C\u0103n h\u1ed9 c\u00f3 th\u1ec3 v\u00e0o \u1edf ngay, \u0111\u00e3 c\u00f3 \u0111\u1ea7y \u0111\u1ee7 s\u1ed5 \u0111\u1ecf.<\/span><\/p>\n<p style=\"text-align: center;\"><span style=\"font-size: 24pt; color: #003366;\"><strong>V\u00ec sao n\u00ean ch\u1ecdn Mua chung c\u01b0 88 L\u00e1ng H\u1ea1?<\/strong><\/span><\/p>\n<div class=\"su-row\"><div class=\"su-column su-column-size-1-2\"><div class=\"su-column-inner su-u-clearfix su-u-trim\">\n<table id=\"tablepress-12\" class=\"tablepress tablepress-id-12\">\n<thead>\n<tr class=\"row-1 odd\">\n\t<th class=\"column-1\">T\u00ean d\u1ef1 \u00e1n<\/th><th class=\"column-2\">Sky City Tower<br \/>\n<\/th>\n<\/tr>\n<\/thead>\n<tbody class=\"row-hover\">\n<tr class=\"row-2 even\">\n\t<td class=\"column-1\">V\u1ecb tr\u00ed<\/td><td class=\"column-2\">V\u1ecb tr\u00ed \u0111\u1eb9p d\u1ec5 d\u00e0ng k\u1ebft n\u1ed1i v\u1edbi trung t\u00e2m th\u00e0nh ph\u1ed1 v\u00e0 c\u00e1c khu v\u1ef1c l\u00e2n c\u1eadn<br \/>\n<\/td>\n<\/tr>\n<tr class=\"row-3 odd\">\n\t<td class=\"column-1\">Ti\u1ec7n \u00edch<\/td><td class=\"column-2\">D\u1ef1 \u00e1n bao g\u1ed3m c\u00e1c ti\u1ec7n \u00edch \u0111\u1ea7y \u0111\u1ee7 cho m\u1ed9t cu\u1ed9c s\u1ed1ng \u0111\u1eb3ng c\u1ea5p.<br \/>\n<\/td>\n<\/tr>\n<tr class=\"row-4 even\">\n\t<td class=\"column-1\">Di\u1ec7n t\u00edch<\/td><td class=\"column-2\">\u0110a d\u1ea1ng t\u1eeb: 101m2, 102.5m2, 108m2, 112m2, 139m2, 144m2, 144.5m2, 172m2<br \/>\n<\/td>\n<\/tr>\n<tr class=\"row-5 odd\">\n\t<td class=\"column-1\">Gi\u00e1 b\u00e1n<\/td><td class=\"column-2\">t\u1eeb 1850 usd\/m2 \u2013 2250 USD\/m2, t\u00f9y c\u0103n, t\u00f9y t\u1ea7ng.<br \/>\n<\/td>\n<\/tr>\n<\/tbody>\n<\/table>\n<!-- #tablepress-12 from cache --><\/div><\/div> <div class=\"su-column su-column-size-1-2\"><div class=\"su-column-inner su-u-clearfix su-u-trim\"><img decoding=\"async\" loading=\"lazy\" class=\"aligncenter size-full wp-image-2986\" src=\"http:\/\/homesland.vn\/blog\/wp-content\/uploads\/2017\/09\/88-lang-ha-bg.png\" alt=\"\" width=\"361\" height=\"205\" srcset=\"https:\/\/homesland.vn\/blog\/wp-content\/uploads\/2017\/09\/88-lang-ha-bg.png 361w, https:\/\/homesland.vn\/blog\/wp-content\/uploads\/2017\/09\/88-lang-ha-bg-300x170.png 300w\" sizes=\"(max-width: 361px) 100vw, 361px\" \/><\/div><\/div><\/div>\n<p style=\"text-align: center;\"><span style=\"font-size: 18pt; color: #993300;\"><strong>G\u1eccI NGAY CHO CH\u00daNG T\u00d4I \u0110\u1ec2 \u0110\u01af\u1ee2C T\u01af V\u1ea4N<\/strong><\/span><\/p>\n<p style=\"text-align: center;\"><strong><span style=\"font-size: 18pt;\"><span style=\"color: #ff0000;\">HOTLINE: 09xx.xxx.xxx<\/span><\/span><\/strong><\/p>\n<p style=\"text-align: center;\">\u00a0<\/p>\n<p><span style=\"font-size: 18pt; color: #008000;\"><strong>Danh s\u00e1ch c\u0103n h\u1ed9 88 L\u00e1ng H\u1ea1 Ch\u1ee7 Nh\u00e0 g\u1eedi b\u00e1n:<\/strong><\/span><\/p>\n\n<table id=\"tablepress-13\" class=\"tablepress tablepress-id-13\">\n<thead>\n<tr class=\"row-1 odd\">\n\t<th class=\"column-1\">Th\u00e1p<\/th><th class=\"column-2\">Di\u1ec7n t\u00edch (m2)<\/th><th class=\"column-3\">C\u0103n h\u1ed9 s\u1ed1<\/th><th class=\"column-4\">H\u01b0\u1edbng c\u1eeda<\/th><th class=\"column-5\">H\u01b0\u1edbng Ban c\u00f4ng<\/th><th class=\"column-6\">S\u1ed1 ph\u00f2ng ng\u1ee7<\/th><th class=\"column-7\">Gi\u00e1 b\u00e1n ( tri\u1ec7u\/m2)<\/th>\n<\/tr>\n<\/thead>\n<tbody class=\"row-hover\">\n<tr class=\"row-2 even\">\n\t<td class=\"column-1\">A<\/td><td class=\"column-2\">112<\/td><td class=\"column-3\">1, 8<\/td><td class=\"column-4\">\u0110\u00f4ng b\u1eafc<\/td><td class=\"column-5\">T\u00e2y nam<\/td><td class=\"column-6\">2<\/td><td class=\"column-7\">42<\/td>\n<\/tr>\n<tr class=\"row-3 odd\">\n\t<td class=\"column-1\">A<\/td><td class=\"column-2\">112<\/td><td class=\"column-3\">4, 5<\/td><td class=\"column-4\">T\u00e2y nam<\/td><td class=\"column-5\">\u0110\u00f4ng b\u1eafc<\/td><td class=\"column-6\">2<\/td><td class=\"column-7\">41<\/td>\n<\/tr>\n<tr class=\"row-4 even\">\n\t<td class=\"column-1\">A<\/td><td class=\"column-2\">139<\/td><td class=\"column-3\">2, 3<\/td><td class=\"column-4\">\u0110\u00f4ng nam<\/td><td class=\"column-5\">T\u00e2y b\u1eafc<\/td><td class=\"column-6\">3<\/td><td class=\"column-7\">42<\/td>\n<\/tr>\n<tr class=\"row-5 odd\">\n\t<td class=\"column-1\">A<\/td><td class=\"column-2\">139<\/td><td class=\"column-3\">6, 7<\/td><td class=\"column-4\">T\u00e2y b\u1eafc<\/td><td class=\"column-5\">\u0110\u00d4ng nam<\/td><td class=\"column-6\">3<\/td><td class=\"column-7\">45<\/td>\n<\/tr>\n<tr class=\"row-6 even\">\n\t<td class=\"column-1\">B<\/td><td class=\"column-2\">101<\/td><td class=\"column-3\">5<\/td><td class=\"column-4\">\u0110\u00f4ng nam<\/td><td class=\"column-5\">T\u00e2y b\u1eafc<\/td><td class=\"column-6\">2<\/td><td class=\"column-7\">42<\/td>\n<\/tr>\n<tr class=\"row-7 odd\">\n\t<td class=\"column-1\">B<\/td><td class=\"column-2\">101<\/td><td class=\"column-3\">8<\/td><td class=\"column-4\">T\u00e2y nam<\/td><td class=\"column-5\">\u0110\u00f4ng b\u1eafc<\/td><td class=\"column-6\">2<\/td><td class=\"column-7\">43<\/td>\n<\/tr>\n<tr class=\"row-8 even\">\n\t<td class=\"column-1\">B<\/td><td class=\"column-2\">102.5<\/td><td class=\"column-3\">9<\/td><td class=\"column-4\">T\u00e2y nam<\/td><td class=\"column-5\">T\u00e2y b\u1eafc + T\u00e2y nam<\/td><td class=\"column-6\">2<\/td><td class=\"column-7\">45<\/td>\n<\/tr>\n<tr class=\"row-9 odd\">\n\t<td class=\"column-1\">B<\/td><td class=\"column-2\">102.5<\/td><td class=\"column-3\">4<\/td><td class=\"column-4\">T\u00e2y b\u1eafc<\/td><td class=\"column-5\">\u0110\u00f4ng b\u1eafc<\/td><td class=\"column-6\">2<\/td><td class=\"column-7\">43<\/td>\n<\/tr>\n<tr class=\"row-10 even\">\n\t<td class=\"column-1\">B<\/td><td class=\"column-2\">108<\/td><td class=\"column-3\">6<\/td><td class=\"column-4\">\u0110\u00f4ng nam<\/td><td class=\"column-5\">T\u00e2y b\u1eafc<\/td><td class=\"column-6\">2<\/td><td class=\"column-7\">43<\/td>\n<\/tr>\n<tr class=\"row-11 odd\">\n\t<td class=\"column-1\">B<\/td><td class=\"column-2\">108<\/td><td class=\"column-3\">7<\/td><td class=\"column-4\">T\u00e2y nam<\/td><td class=\"column-5\">\u0110\u00f4ng b\u1eafc<\/td><td class=\"column-6\">2<\/td><td class=\"column-7\">46<\/td>\n<\/tr>\n<tr class=\"row-12 even\">\n\t<td class=\"column-1\">B<\/td><td class=\"column-2\">144<\/td><td class=\"column-3\">2<\/td><td class=\"column-4\">T\u00e2y b\u1ea5c<\/td><td class=\"column-5\">\u0110\u00f4ng nam<\/td><td class=\"column-6\">3<\/td><td class=\"column-7\">51<\/td>\n<\/tr>\n<tr class=\"row-13 odd\">\n\t<td class=\"column-1\">B<\/td><td class=\"column-2\">144<\/td><td class=\"column-3\">11<\/td><td class=\"column-4\">\u0110\u00f4ng b\u1eafc<\/td><td class=\"column-5\">T\u00e2y nam<\/td><td class=\"column-6\">3<\/td><td class=\"column-7\">45<\/td>\n<\/tr>\n<tr class=\"row-14 even\">\n\t<td class=\"column-1\">B<\/td><td class=\"column-2\">145.5<\/td><td class=\"column-3\">3<\/td><td class=\"column-4\">T\u00e2y b\u1eafc<\/td><td class=\"column-5\">\u0110\u00f4ng b\u1eafc + \u0110\u00f4ng nam<\/td><td class=\"column-6\">3<\/td><td class=\"column-7\">52<\/td>\n<\/tr>\n<tr class=\"row-15 odd\">\n\t<td class=\"column-1\">B<\/td><td class=\"column-2\">145.5<\/td><td class=\"column-3\">10<\/td><td class=\"column-4\">\u0110\u00f4ng b\u1eafc<\/td><td class=\"column-5\">T\u00e2y nam<\/td><td class=\"column-6\">3<\/td><td class=\"column-7\">43<\/td>\n<\/tr>\n<tr class=\"row-16 even\">\n\t<td class=\"column-1\">B<\/td><td class=\"column-2\">172<\/td><td class=\"column-3\">01<\/td><td class=\"column-4\">T\u00e2y b\u1eafc<\/td><td class=\"column-5\">\u0110\u00f4ng nam<\/td><td class=\"column-6\">3<\/td><td class=\"column-7\">50<\/td>\n<\/tr>\n<tr class=\"row-17 odd\">\n\t<td class=\"column-1\">B<\/td><td class=\"column-2\">172<\/td><td class=\"column-3\">12<\/td><td class=\"column-4\">\u0110\u00f4ng b\u1eafc<\/td><td class=\"column-5\">\u0110\u00f4ng nam + T\u00e2y nam<\/td><td class=\"column-6\">3<\/td><td class=\"column-7\">43<\/td>\n<\/tr>\n<\/tbody>\n<\/table>\n<!-- #tablepress-13 from cache -->\n<p style=\"text-align: center;\"><span style=\"font-size: 18pt; color: #993300;\"><strong>G\u1eccI NGAY CHO CH\u00daNG T\u00d4I \u0110\u1ec2 \u0110\u01af\u1ee2C T\u01af V\u1ea4N<\/strong><\/span><\/p>\n<p style=\"text-align: center;\"><strong><span style=\"font-size: 18pt;\"><span style=\"color: #ff0000;\">HOTLINE: 09xx.xxx.xxx<\/span><\/span><\/strong><\/p>\n<p style=\"text-align: center;\">\u00a0<\/p>\n<p><span style=\"font-size: 14pt; color: #003366;\"><strong>Th\u00e1p A v\u00e0 Th\u00e1p B &#8211; Sky City Tower 88 L\u00e1ng H\u1ea1<\/strong><\/span> <img decoding=\"async\" loading=\"lazy\" class=\"wp-image-3040 aligncenter\" src=\"http:\/\/homesland.vn\/blog\/wp-content\/uploads\/2017\/09\/thap-A-88-lang-ha.jpeg\" alt=\"\" width=\"500\" height=\"412\" srcset=\"https:\/\/homesland.vn\/blog\/wp-content\/uploads\/2017\/09\/thap-A-88-lang-ha.jpeg 619w, https:\/\/homesland.vn\/blog\/wp-content\/uploads\/2017\/09\/thap-A-88-lang-ha-300x247.jpeg 300w\" sizes=\"(max-width: 500px) 100vw, 500px\" \/><\/p>\n<p><img decoding=\"async\" loading=\"lazy\" class=\"wp-image-3041 aligncenter\" src=\"http:\/\/homesland.vn\/blog\/wp-content\/uploads\/2017\/09\/thap-b-88-Lang-ha.jpg\" alt=\"\" width=\"500\" height=\"412\" srcset=\"https:\/\/homesland.vn\/blog\/wp-content\/uploads\/2017\/09\/thap-b-88-Lang-ha.jpg 654w, https:\/\/homesland.vn\/blog\/wp-content\/uploads\/2017\/09\/thap-b-88-Lang-ha-300x247.jpg 300w\" sizes=\"(max-width: 500px) 100vw, 500px\" \/><\/p>\n<div class=\"TomTat\"><span style=\"font-size: 18pt; color: #003366;\"><strong><span id=\"ctl00_ContentPlaceHolderMain_ChuyenMuc_ctl00_lblTomTat\">Ti\u1ec7n \u00edch v\u00e0 D\u1ecbch v\u1ee5 t\u1ea1i t\u00f2a nh\u00e0 SkyCity Towers 88 L\u00e1ng H\u1ea1<\/span><\/strong><\/span><\/div>\n<div class=\"TomTat\"><span style=\"font-size: 14pt; color: #003300;\"><strong><span id=\"ctl00_ContentPlaceHolderMain_ChuyenMuc_ctl00_lblTomTat\">Ph\u00f2ng Sinh ho\u1ea1t c\u1ed9ng \u0111\u1ed3ng<\/span><\/strong><\/span><\/div>\n<div class=\"NoiDung\"><span style=\"font-size: 14pt;\">M\u1edf c\u1eeda t\u1eeb 08h \u0111\u1ebfn 20h00 h\u00e0ng ng\u00e0y, Ph\u00f2ng sinh ho\u1ea1t c\u1ed9ng \u0111\u1ed3ng l\u00e0 kh\u00f4ng gian d\u00e0nh ri\u00eang cho c\u00e1c s\u1ef1 ki\u1ec7n vui ch\u01a1i c\u1ee7a c\u01b0 d\u00e2n, l\u00e0m ph\u00f2ng chi\u1ebfu phim, ph\u00f2ng sinh ho\u1ea1t tr\u1ebb em, s\u00e0n t\u1eadp m\u00faa, h\u00e1t, v\u1ebd, t\u1eadp nh\u1ea3y c\u1ee7a c\u00e1c ch\u00e1u thi\u1ebfu nhi t\u1ea1i T\u00f2a nh\u00e0.<\/span><\/div>\n<div class=\"NoiDung\"><span style=\"font-size: 14pt;\">\u0110\u1ecba \u0111i\u1ec3m: T\u1ea7ng 5, Th\u00e1p B, 88 L\u00e1ng H\u1ea1<\/span> <span style=\"font-size: 14pt;\">Gi\u1edd m\u1edf c\u1eeda: T\u1eeb 08h00 &#8211; 20h00<\/span><img decoding=\"async\" loading=\"lazy\" class=\"aligncenter size-full wp-image-3028\" src=\"http:\/\/homesland.vn\/blog\/wp-content\/uploads\/2017\/09\/Phong-SH-cong-dong-88-lang-ha.jpg\" alt=\"\" width=\"750\" height=\"498\" srcset=\"https:\/\/homesland.vn\/blog\/wp-content\/uploads\/2017\/09\/Phong-SH-cong-dong-88-lang-ha.jpg 750w, https:\/\/homesland.vn\/blog\/wp-content\/uploads\/2017\/09\/Phong-SH-cong-dong-88-lang-ha-300x199.jpg 300w\" sizes=\"(max-width: 750px) 100vw, 750px\" \/><\/div>\n<div class=\"NoiDung\"><img decoding=\"async\" loading=\"lazy\" class=\"aligncenter size-full wp-image-3029\" src=\"http:\/\/homesland.vn\/blog\/wp-content\/uploads\/2017\/09\/san-choi-tre-em-88-lang-ha.jpg\" alt=\"\" width=\"877\" height=\"605\" srcset=\"https:\/\/homesland.vn\/blog\/wp-content\/uploads\/2017\/09\/san-choi-tre-em-88-lang-ha.jpg 877w, https:\/\/homesland.vn\/blog\/wp-content\/uploads\/2017\/09\/san-choi-tre-em-88-lang-ha-300x207.jpg 300w, https:\/\/homesland.vn\/blog\/wp-content\/uploads\/2017\/09\/san-choi-tre-em-88-lang-ha-768x530.jpg 768w\" sizes=\"(max-width: 877px) 100vw, 877px\" \/><\/div>\n<div class=\"TomTat\"><span style=\"font-size: 14pt;\"><strong>Khu vui ch\u01a1i tr\u1ebb em <\/strong><\/span><\/div>\n<ul>\n<li class=\"TomTat\"><span style=\"font-size: 14pt;\">Khu s\u00e2n ch\u01a1i tr\u1ebb em \u0111\u01b0\u1ee3c m\u1edf c\u1eeda mi\u1ec5n ph\u00ed cho c\u00e1c tr\u1ebb em thu\u1ed9c khu d\u00e2n c\u01b0, \u0111\u1ec3 \u0111\u1ea3m b\u1ea3o an to\u00e0n \u0111\u1ed1i v\u1edbi tr\u1ebb nh\u1ecf khi s\u1eed d\u1ee5ng ph\u1ea3i c\u00f3 cha, m\u1eb9 ho\u1eb7c nh\u00e2n vi\u00ean gi\u00e1m h\u1ed9 \u0111i c\u00f9ng. <\/span><\/li>\n<li class=\"TomTat\"><span style=\"font-size: 14pt;\">Nh\u1eb1m \u0111\u1ea3m b\u1ea3o v\u1ec7 sinh Qu\u00fd c\u01b0 d\u00e2n kh\u00f4ng \u0111\u01b0\u1ee3c cho tr\u1ebb em \u0103n khi tr\u1ebb khi s\u1eed d\u1ee5ng c\u00e1c ti\u1ec7n \u00edch \u0111\u1ed3 ch\u01a1i t\u1ea1i khu s\u00e2n ch\u01a1i tr\u1ebb em. <\/span><\/li>\n<li class=\"TomTat\"><span style=\"font-size: 14pt;\">\u0110\u1ec3 \u0111\u1ea3m b\u1ea3o an to\u00e0n v\u1ec1 t\u00e0i s\u1ea3n v\u00e0 con ng\u01b0\u1eddi, tr\u1ebb em m\u1ed7i gia \u0111\u00ecnh n\u00ean ch\u01a1i t\u1ea1i khu v\u1ef1c s\u00e2n ch\u01a1i (\u0111\u01b0\u1ee3c ng\u0103n c\u00e1ch gi\u1ea3i ph\u00e2n c\u00e1ch) v\u00e0 kh\u00f4ng ch\u01a1i c\u00e1c m\u00f4n th\u1ec3 thao mang t\u00ednh \u0111\u1ed1i kh\u00e1ng qu\u00e1 n\u1eb7ng.<\/span><\/li>\n<\/ul>\n<div class=\"TomTat\"><span style=\"font-size: 14pt;\"><strong><span id=\"ctl00_ContentPlaceHolderMain_ChuyenMuc_ctl00_lblTomTat\">Trung t\u00e2m th\u1ec3 d\u1ee5c th\u1ea9m m\u1ef9<\/span><\/strong><\/span><\/div>\n<div class=\"NoiDung\"><span style=\"font-size: 14pt;\">L\u00e0 m\u1ed9t trong nh\u1eefng trung t\u00e2m th\u1ec3 d\u1ee5c th\u1ea9m m\u1ef9 \u0111\u1eb3ng c\u1ea5p qu\u1ed1c t\u1ebf v\u00e0 hi\u1ec7n \u0111\u1ea1i nh\u1ea5t Vi\u1ec7t Nam, California Fitness Center\u00a0 t\u1ecda l\u1ea1c t\u1ea1i 3 t\u1ea7ng c\u1ee7a Th\u00e1p B, t\u00f2a nh\u00e0 Sky City Towers. T\u1ea1i \u0111\u00e2y c\u00f3 t\u1edbi 5 ph\u00f2ng t\u1eadp Yoga, s\u1ea3nh th\u01b0 gi\u00e3n, ph\u00f2ng t\u1eadp Aerobic, qu\u1ea7y gi\u1ea3i kh\u00e1t, khu v\u1ef1c Internet, h\u1ed3 b\u01a1i, trung t\u00e2m Spa v\u00e0 th\u1ea9m m\u1ef9 c\u00f9ng m\u1ed9t khu th\u1ee7y tr\u1ecb li\u1ec7u v\u1edbi ph\u00f2ng Sauna l\u1edbn nh\u1ea5t Vi\u1ec7t Nam.<\/span> <span style=\"font-size: 14pt;\">Ngo\u00e0i h\u1ec7 th\u1ed1ng m\u00e1y m\u00f3c, trang thi\u1ebft b\u1ecb hi\u1ec7n \u0111\u1ea1i, California Fitness &amp; Yoga c\u00f3 \u0111\u1ed9i ng\u0169 hu\u1ea5n luy\u1ec7n vi\u00ean nh\u00f3m, hu\u1ea5n luy\u1ec7n vi\u00ean c\u00e1 nh\u00e2n chuy\u00ean nghi\u1ec7p, nhi\u1ec1u kinh nghi\u00eam \u0111\u1ec3 \u0111\u00e1p \u1ee9ng nhu c\u1ea7u c\u1ee7a c\u00e1c h\u1ecdc vi\u00ean.<\/span><\/div>\n<div>\u00a0<\/div>\n<div class=\"NoiDung\"><img decoding=\"async\" loading=\"lazy\" class=\"aligncenter size-full wp-image-3030\" src=\"http:\/\/homesland.vn\/blog\/wp-content\/uploads\/2017\/09\/fitness-88-lang-ha.jpg\" alt=\"\" width=\"800\" height=\"541\" srcset=\"https:\/\/homesland.vn\/blog\/wp-content\/uploads\/2017\/09\/fitness-88-lang-ha.jpg 800w, https:\/\/homesland.vn\/blog\/wp-content\/uploads\/2017\/09\/fitness-88-lang-ha-300x203.jpg 300w, https:\/\/homesland.vn\/blog\/wp-content\/uploads\/2017\/09\/fitness-88-lang-ha-768x519.jpg 768w\" sizes=\"(max-width: 800px) 100vw, 800px\" \/><\/div>\n<p><span style=\"font-size: 14pt;\">Hi\u1ec7n nay ngo\u00e0i <strong>B\u00e1n chung c\u01b0 88 L\u00e1ng H\u1ea1<\/strong>, H\u00f9ng Ph\u00e1t Land c\u00f2n \u0111ang B\u00e1n chung c\u01b0 Royal City c\u1eaft l\u1ed7 t\u1edbi 800 tri\u1ec7u\/c\u0103n.\u00a0<\/span> <span style=\"font-size: 14pt;\">B\u1ea1n c\u00f3 th\u1ec3 xem qua Danh s\u00e1ch c\u0103n h\u1ed9 <a href=\"http:\/\/homesland.vn\/ban-chung-cu-royal-city.html\"><strong>B\u00e1n chung c\u01b0 Royal City C\u1eaft l\u1ed7 800 tri\u1ec7u<\/strong><\/a><\/span><\/p>\n<p><span style=\"font-size: 14pt; color: #ff0000;\"><strong>G\u1eccI NGAY Cho Ch\u00fang t\u00f4i \u0111\u1ec3 \u0111\u01b0\u1ee3c t\u01b0 v\u1ea5n:<\/strong> <\/span><\/p>\n<p><span style=\"font-size: 14pt;\">Hotline: <strong><span style=\"font-size: 18pt;\"><span style=\"color: #ff0000;\">09xx.xxx.xxx<\/span><\/span><\/strong>\u00a0( t\u01b0 v\u1ea5n 88 L\u00e1ng H\u1ea1 )<\/span><\/p>\n","protected":false},"excerpt":{"rendered":"<p>B\u00e1n chung c\u01b0 88 L\u00e1ng H\u1ea1\u00a0c\u00e1c lo\u1ea1i di\u1ec7n t\u00edch t\u1eeb 101 \u2013 172m2 thu\u1ed9c 2 t\u00f2a th\u00e1p A v\u00e0 B \u2013 Sky City Tower. C\u00e1c c\u0103n h\u1ed9 \u0111\u00e3 \u0111\u01b0\u1ee3c ho\u00e0n thi\u1ec7n t\u1ec9 m\u1ec9 v\u1edbi phong c\u00e1ch thi\u1ebft k\u1ebf sang tr\u1ecdng v\u00e0 \u0111\u1eb3ng c\u1ea5p. C\u0103n h\u1ed9 \u0111\u1eb9p, m\u1eb7t tho\u00e1ng c\u00f3 ban c\u00f4ng nh\u00ecn ra \u0111\u01b0\u1eddng L\u00ea V\u0103n L\u01b0\u01a1ng v\u00e0 \u0111\u01b0\u1eddng L\u00e1ng, L\u00e1ng H\u1ea1, ph\u00f2ng nhi\u1ec1u \u00e1nh s\u00e1ng t\u1ef1 nhi\u00ean. C\u0103n h\u1ed9 c\u00f3 th\u1ec3 v\u00e0o \u1edf ngay, \u0111\u00e3 c\u00f3 \u0111\u1ea7y \u0111\u1ee7 s\u1ed5 \u0111\u1ecf. V\u00ec sao n\u00ean ch\u1ecdn Mua chung c\u01b0 88 L\u00e1ng H\u1ea1? G\u1eccI NGAY CHO CH\u00daNG T\u00d4I \u0110\u1ec2 \u0110\u01af\u1ee2C T\u01af V\u1ea4N <\/p>\n","protected":false},"author":3,"featured_media":2989,"parent":0,"menu_order":0,"comment_status":"closed","ping_status":"closed","template":"page-nosidebar.php","meta":[],"yoast_head":"<!-- This site is optimized with the Yoast SEO plugin v19.13 - https:\/\/yoast.com\/wordpress\/plugins\/seo\/ -->\n<title>B\u00e1n chung c\u01b0 88 L\u00e1ng H\u1ea1 - Sky City Tower - Gi\u00e1 ch\u1ec9 1850 USD\/m2<\/title>\n<meta name=\"description\" content=\"HomesLand B\u00e1n chung c\u01b0 88 L\u00e1ng H\u1ea1. Di\u1ec7n t\u00edch t\u1eeb 101m2 - 172m2, \u1edf c\u00e1c th\u00e1p A v\u00e0 B c\u1ee7a d\u1ef1 \u00e1n. C\u0103n h\u1ed9 \u0111\u1ec1u \u0111\u01b0\u1ee3c thi\u1ebft k\u1ebf t\u1ec9 m\u1ec9. Gi\u00e1 b\u00e1n ch\u1ec9 1850 USD\/m2.\" \/>\n<meta name=\"robots\" content=\"index, follow, max-snippet:-1, max-image-preview:large, max-video-preview:-1\" \/>\n<link rel=\"canonical\" href=\"https:\/\/homesland.vn\/blog\/ban-skycity-88-lang-ha\" \/>\n<meta property=\"og:locale\" content=\"vi_VN\" \/>\n<meta property=\"og:type\" content=\"article\" \/>\n<meta property=\"og:title\" content=\"B\u00e1n chung c\u01b0 88 L\u00e1ng H\u1ea1 - Sky City Tower - Gi\u00e1 ch\u1ec9 1850 USD\/m2\" \/>\n<meta property=\"og:description\" content=\"HomesLand B\u00e1n chung c\u01b0 88 L\u00e1ng H\u1ea1. Di\u1ec7n t\u00edch t\u1eeb 101m2 - 172m2, \u1edf c\u00e1c th\u00e1p A v\u00e0 B c\u1ee7a d\u1ef1 \u00e1n. C\u0103n h\u1ed9 \u0111\u1ec1u \u0111\u01b0\u1ee3c thi\u1ebft k\u1ebf t\u1ec9 m\u1ec9. Gi\u00e1 b\u00e1n ch\u1ec9 1850 USD\/m2.\" \/>\n<meta property=\"og:url\" content=\"https:\/\/homesland.vn\/blog\/ban-skycity-88-lang-ha\" \/>\n<meta property=\"og:site_name\" content=\"HOMESLAND\" \/>\n<meta property=\"article:modified_time\" content=\"2022-07-04T14:22:56+00:00\" \/>\n<meta property=\"og:image\" content=\"https:\/\/homesland.vn\/blog\/wp-content\/uploads\/2017\/09\/slide-1-1024x419.png\" \/>\n\t<meta property=\"og:image:width\" content=\"1024\" \/>\n\t<meta property=\"og:image:height\" content=\"419\" \/>\n\t<meta property=\"og:image:type\" content=\"image\/png\" \/>\n<meta name=\"twitter:card\" content=\"summary_large_image\" \/>\n<meta name=\"twitter:label1\" content=\"\u01af\u1edbc t\u00ednh th\u1eddi gian \u0111\u1ecdc\" \/>\n\t<meta name=\"twitter:data1\" content=\"4 ph\u00fat\" \/>\n<script type=\"application\/ld+json\" class=\"yoast-schema-graph\">{\"@context\":\"https:\/\/schema.org\",\"@graph\":[{\"@type\":\"WebPage\",\"@id\":\"https:\/\/homesland.vn\/blog\/ban-skycity-88-lang-ha\",\"url\":\"https:\/\/homesland.vn\/blog\/ban-skycity-88-lang-ha\",\"name\":\"B\u00e1n chung c\u01b0 88 L\u00e1ng H\u1ea1 - Sky City Tower - Gi\u00e1 ch\u1ec9 1850 USD\/m2\",\"isPartOf\":{\"@id\":\"https:\/\/homesland.vn\/blog\/#website\"},\"datePublished\":\"2017-09-13T02:28:51+00:00\",\"dateModified\":\"2022-07-04T14:22:56+00:00\",\"description\":\"HomesLand B\u00e1n chung c\u01b0 88 L\u00e1ng H\u1ea1. Di\u1ec7n t\u00edch t\u1eeb 101m2 - 172m2, \u1edf c\u00e1c th\u00e1p A v\u00e0 B c\u1ee7a d\u1ef1 \u00e1n. C\u0103n h\u1ed9 \u0111\u1ec1u \u0111\u01b0\u1ee3c thi\u1ebft k\u1ebf t\u1ec9 m\u1ec9. Gi\u00e1 b\u00e1n ch\u1ec9 1850 USD\/m2.\",\"breadcrumb\":{\"@id\":\"https:\/\/homesland.vn\/blog\/ban-skycity-88-lang-ha#breadcrumb\"},\"inLanguage\":\"vi\",\"potentialAction\":[{\"@type\":\"ReadAction\",\"target\":[\"https:\/\/homesland.vn\/blog\/ban-skycity-88-lang-ha\"]}]},{\"@type\":\"BreadcrumbList\",\"@id\":\"https:\/\/homesland.vn\/blog\/ban-skycity-88-lang-ha#breadcrumb\",\"itemListElement\":[{\"@type\":\"ListItem\",\"position\":1,\"name\":\"Home\",\"item\":\"https:\/\/homesland.vn\/blog\/\"},{\"@type\":\"ListItem\",\"position\":2,\"name\":\"b\u00e1n Skycity 88 l\u00e1ng h\u1ea1\"}]},{\"@type\":\"WebSite\",\"@id\":\"https:\/\/homesland.vn\/blog\/#website\",\"url\":\"https:\/\/homesland.vn\/blog\/\",\"name\":\"HOMESLAND\",\"description\":\"Real Estale\",\"potentialAction\":[{\"@type\":\"SearchAction\",\"target\":{\"@type\":\"EntryPoint\",\"urlTemplate\":\"https:\/\/homesland.vn\/blog\/?s={search_term_string}\"},\"query-input\":\"required name=search_term_string\"}],\"inLanguage\":\"vi\"}]}<\/script>\n<!-- \/ Yoast SEO plugin. -->","yoast_head_json":{"title":"B\u00e1n chung c\u01b0 88 L\u00e1ng H\u1ea1 - Sky City Tower - Gi\u00e1 ch\u1ec9 1850 USD\/m2","description":"HomesLand B\u00e1n chung c\u01b0 88 L\u00e1ng H\u1ea1. Di\u1ec7n t\u00edch t\u1eeb 101m2 - 172m2, \u1edf c\u00e1c th\u00e1p A v\u00e0 B c\u1ee7a d\u1ef1 \u00e1n. C\u0103n h\u1ed9 \u0111\u1ec1u \u0111\u01b0\u1ee3c thi\u1ebft k\u1ebf t\u1ec9 m\u1ec9. Gi\u00e1 b\u00e1n ch\u1ec9 1850 USD\/m2.","robots":{"index":"index","follow":"follow","max-snippet":"max-snippet:-1","max-image-preview":"max-image-preview:large","max-video-preview":"max-video-preview:-1"},"canonical":"https:\/\/homesland.vn\/blog\/ban-skycity-88-lang-ha","og_locale":"vi_VN","og_type":"article","og_title":"B\u00e1n chung c\u01b0 88 L\u00e1ng H\u1ea1 - Sky City Tower - Gi\u00e1 ch\u1ec9 1850 USD\/m2","og_description":"HomesLand B\u00e1n chung c\u01b0 88 L\u00e1ng H\u1ea1. Di\u1ec7n t\u00edch t\u1eeb 101m2 - 172m2, \u1edf c\u00e1c th\u00e1p A v\u00e0 B c\u1ee7a d\u1ef1 \u00e1n. C\u0103n h\u1ed9 \u0111\u1ec1u \u0111\u01b0\u1ee3c thi\u1ebft k\u1ebf t\u1ec9 m\u1ec9. Gi\u00e1 b\u00e1n ch\u1ec9 1850 USD\/m2.","og_url":"https:\/\/homesland.vn\/blog\/ban-skycity-88-lang-ha","og_site_name":"HOMESLAND","article_modified_time":"2022-07-04T14:22:56+00:00","og_image":[{"width":1024,"height":419,"url":"https:\/\/homesland.vn\/blog\/wp-content\/uploads\/2017\/09\/slide-1-1024x419.png","type":"image\/png"}],"twitter_card":"summary_large_image","twitter_misc":{"\u01af\u1edbc t\u00ednh th\u1eddi gian \u0111\u1ecdc":"4 ph\u00fat"},"schema":{"@context":"https:\/\/schema.org","@graph":[{"@type":"WebPage","@id":"https:\/\/homesland.vn\/blog\/ban-skycity-88-lang-ha","url":"https:\/\/homesland.vn\/blog\/ban-skycity-88-lang-ha","name":"B\u00e1n chung c\u01b0 88 L\u00e1ng H\u1ea1 - Sky City Tower - Gi\u00e1 ch\u1ec9 1850 USD\/m2","isPartOf":{"@id":"https:\/\/homesland.vn\/blog\/#website"},"datePublished":"2017-09-13T02:28:51+00:00","dateModified":"2022-07-04T14:22:56+00:00","description":"HomesLand B\u00e1n chung c\u01b0 88 L\u00e1ng H\u1ea1. Di\u1ec7n t\u00edch t\u1eeb 101m2 - 172m2, \u1edf c\u00e1c th\u00e1p A v\u00e0 B c\u1ee7a d\u1ef1 \u00e1n. C\u0103n h\u1ed9 \u0111\u1ec1u \u0111\u01b0\u1ee3c thi\u1ebft k\u1ebf t\u1ec9 m\u1ec9. Gi\u00e1 b\u00e1n ch\u1ec9 1850 USD\/m2.","breadcrumb":{"@id":"https:\/\/homesland.vn\/blog\/ban-skycity-88-lang-ha#breadcrumb"},"inLanguage":"vi","potentialAction":[{"@type":"ReadAction","target":["https:\/\/homesland.vn\/blog\/ban-skycity-88-lang-ha"]}]},{"@type":"BreadcrumbList","@id":"https:\/\/homesland.vn\/blog\/ban-skycity-88-lang-ha#breadcrumb","itemListElement":[{"@type":"ListItem","position":1,"name":"Home","item":"https:\/\/homesland.vn\/blog\/"},{"@type":"ListItem","position":2,"name":"b\u00e1n Skycity 88 l\u00e1ng h\u1ea1"}]},{"@type":"WebSite","@id":"https:\/\/homesland.vn\/blog\/#website","url":"https:\/\/homesland.vn\/blog\/","name":"HOMESLAND","description":"Real Estale","potentialAction":[{"@type":"SearchAction","target":{"@type":"EntryPoint","urlTemplate":"https:\/\/homesland.vn\/blog\/?s={search_term_string}"},"query-input":"required name=search_term_string"}],"inLanguage":"vi"}]}},"_links":{"self":[{"href":"https:\/\/homesland.vn\/blog\/wp-json\/wp\/v2\/pages\/2974"}],"collection":[{"href":"https:\/\/homesland.vn\/blog\/wp-json\/wp\/v2\/pages"}],"about":[{"href":"https:\/\/homesland.vn\/blog\/wp-json\/wp\/v2\/types\/page"}],"author":[{"embeddable":true,"href":"https:\/\/homesland.vn\/blog\/wp-json\/wp\/v2\/users\/3"}],"replies":[{"embeddable":true,"href":"https:\/\/homesland.vn\/blog\/wp-json\/wp\/v2\/comments?post=2974"}],"version-history":[{"count":62,"href":"https:\/\/homesland.vn\/blog\/wp-json\/wp\/v2\/pages\/2974\/revisions"}],"predecessor-version":[{"id":8732,"href":"https:\/\/homesland.vn\/blog\/wp-json\/wp\/v2\/pages\/2974\/revisions\/8732"}],"wp:featuredmedia":[{"embeddable":true,"href":"https:\/\/homesland.vn\/blog\/wp-json\/wp\/v2\/media\/2989"}],"wp:attachment":[{"href":"https:\/\/homesland.vn\/blog\/wp-json\/wp\/v2\/media?parent=2974"}],"curies":[{"name":"wp","href":"https:\/\/api.w.org\/{rel}","templated":true}]}}