{"id":2,"date":"2015-10-23T04:23:40","date_gmt":"2015-10-23T04:23:40","guid":{"rendered":"http:\/\/vnb.ngay.net\/?page_id=2"},"modified":"2019-11-23T17:01:53","modified_gmt":"2019-11-23T17:01:53","slug":"gioi-thieu","status":"publish","type":"page","link":"https:\/\/homesland.vn\/blog\/gioi-thieu","title":{"rendered":"Gi\u1edbi thi\u1ec7u"},"content":{"rendered":"<p><a href=\"http:\/\/homesland.vn\/\"><strong>HOMESLAND.VN<\/strong><\/a> l\u00e0 \u0111\u01a1n v\u1ecb Chuy\u00ean Mua b\u00e1n v\u00e0 Cho thu\u00ea B\u1ea5t \u0111\u1ed9ng s\u1ea3n t\u1ea1i H\u00e0 N\u1ed9i.<\/p>\n<p>T\u1ea5t c\u1ea3 c\u00e1c th\u00e0nh vi\u00ean c\u1ee7a <strong>HOMESLAND<\/strong> \u0111\u1ec1u d\u01b0\u1edbi 30 tu\u1ed5i v\u00e0 ph\u1ea7n l\u1edbn t\u1eebng l\u00e0m vi\u1ec7c ho\u1eb7c t\u00ecnh nguy\u1ec7n trong l\u0129nh v\u1ef1c phi l\u1ee3i nhu\u1eadn, V\u00ec v\u1eady Ch\u00fang t\u00f4i \u0111\u1ea3m b\u1ea3o s\u1ebd mang \u0111\u1ebfn cho b\u1ea1n \u0111\u1ea7y \u0111\u1ee7 nh\u1eefng th\u00f4ng tin ch\u00ednh x\u00e1c v\u1ec1 b\u1ea5t \u0111\u1ed9ng s\u1ea3n m\u00e0 b\u1ea1n quan t\u00e2m thay v\u00ec ch\u1ea1y theo l\u1ee3i nhu\u1eadn.<\/p>\n<p>Gi\u1ed1ng nh\u01b0 nhi\u1ec1u c\u00e1c c\u00f4ng ty Startup kh\u00e1c, m\u1ed9t trong nh\u1eefng \u0111i\u1ec1u ch\u00fang t\u00f4i \u0111em \u0111\u1ebfn cho b\u1ea1n l\u00e0 s\u1ef1 <strong>Nhi\u1ec7t T\u00ecnh<\/strong> v\u00e0 <strong>N\u0103ng \u0110\u1ed9ng<\/strong> trong c\u00f4ng vi\u1ec7c s\u1ebd l\u00e0m b\u1ea1n th\u1ef1c s\u1ef1 \u0111\u01b0\u1ee3c h\u00e0i l\u00f2ng\u00a0v\u00e0 an t\u00e2m khi \u0111\u01b0a ra nh\u1eefng quy\u1ebft \u0111\u1ecbnh \u0111\u00fang \u0111\u1eafn v\u00e0 s\u00e1ng su\u1ed1t nh\u1ea5t khi ch\u1ecdn cho m\u00ecnh m\u1ed9t c\u0103n nh\u00e0 th\u00e2n y\u00eau.<\/p>\n<p>Khi b\u1ea1n \u0111\u1ebfn v\u1edbi <strong>HOMESLAND<\/strong>, b\u1ea1n s\u1ebd nh\u1eadn \u0111\u01b0\u1ee3c nhi\u1ec1u h\u01a1n nh\u1eefng g\u00ec b\u1ea1n c\u1ea7n.<\/p>\n<p><img decoding=\"async\" class=\"alignright size-full wp-image-4191\" src=\"http:\/\/homesland.vn\/blog\/wp-content\/uploads\/2019\/11\/logo-Homesland-250px-2019.png\" width=\"250\" \/>Xem th\u00eam:<\/p>\n<ul>\n<li><span style=\"text-decoration: underline;\"><em>Danh s\u00e1ch <a href=\"http:\/\/homesland.vn\/ban-chung-cu-royal-city.html\">B\u00e1n chung c\u01b0 Royal City<\/a> C\u1eaft l\u1ed7<\/em><\/span><\/li>\n<li><span style=\"text-decoration: underline;\"><em>Danh s\u00e1ch <a href=\"http:\/\/homesland.vn\/cho-thue-chung-cu-royal-city-72a-nguyen-trai.html\">Cho thu\u00ea chung c\u01b0 Royal City<\/a> Ch\u00ednh Ch\u1ee7<\/em><\/span><\/li>\n<\/ul>\n<p style=\"text-align: right;\">\u00a0<\/p>\n<p><img decoding=\"async\" loading=\"lazy\" class=\"size-full wp-image-3770\" src=\"http:\/\/homesland.vn\/blog\/wp-content\/uploads\/2015\/10\/royalcity-homesland.jpg\" alt=\"Vinhomes Royal City\" width=\"900\" height=\"464\" srcset=\"https:\/\/homesland.vn\/blog\/wp-content\/uploads\/2015\/10\/royalcity-homesland.jpg 900w, https:\/\/homesland.vn\/blog\/wp-content\/uploads\/2015\/10\/royalcity-homesland-300x155.jpg 300w, https:\/\/homesland.vn\/blog\/wp-content\/uploads\/2015\/10\/royalcity-homesland-768x396.jpg 768w\" sizes=\"(max-width: 900px) 100vw, 900px\" \/><\/p>\n","protected":false},"excerpt":{"rendered":"<p>HOMESLAND.VN l\u00e0 \u0111\u01a1n v\u1ecb Chuy\u00ean Mua b\u00e1n v\u00e0 Cho thu\u00ea B\u1ea5t \u0111\u1ed9ng s\u1ea3n t\u1ea1i H\u00e0 N\u1ed9i. T\u1ea5t c\u1ea3 c\u00e1c th\u00e0nh vi\u00ean c\u1ee7a HOMESLAND \u0111\u1ec1u d\u01b0\u1edbi 30 tu\u1ed5i v\u00e0 ph\u1ea7n l\u1edbn t\u1eebng l\u00e0m vi\u1ec7c ho\u1eb7c t\u00ecnh nguy\u1ec7n trong l\u0129nh v\u1ef1c phi l\u1ee3i nhu\u1eadn, V\u00ec v\u1eady Ch\u00fang t\u00f4i \u0111\u1ea3m b\u1ea3o s\u1ebd mang \u0111\u1ebfn cho b\u1ea1n \u0111\u1ea7y \u0111\u1ee7 nh\u1eefng th\u00f4ng tin ch\u00ednh x\u00e1c v\u1ec1 b\u1ea5t \u0111\u1ed9ng s\u1ea3n m\u00e0 b\u1ea1n quan t\u00e2m thay v\u00ec ch\u1ea1y theo l\u1ee3i nhu\u1eadn. Gi\u1ed1ng nh\u01b0 nhi\u1ec1u c\u00e1c c\u00f4ng ty Startup kh\u00e1c, m\u1ed9t trong nh\u1eefng \u0111i\u1ec1u ch\u00fang t\u00f4i \u0111em \u0111\u1ebfn cho b\u1ea1n l\u00e0 s\u1ef1 Nhi\u1ec7t T\u00ecnh v\u00e0 N\u0103ng \u0110\u1ed9ng trong <\/p>\n","protected":false},"author":3,"featured_media":0,"parent":0,"menu_order":0,"comment_status":"closed","ping_status":"open","template":"","meta":[],"yoast_head":"<!-- This site is optimized with the Yoast SEO plugin v19.13 - https:\/\/yoast.com\/wordpress\/plugins\/seo\/ -->\n<title>Gi\u1edbi thi\u1ec7u - HOMESLAND<\/title>\n<meta name=\"robots\" content=\"index, follow, max-snippet:-1, max-image-preview:large, max-video-preview:-1\" \/>\n<link rel=\"canonical\" href=\"https:\/\/homesland.vn\/blog\/gioi-thieu\" \/>\n<meta property=\"og:locale\" content=\"vi_VN\" \/>\n<meta property=\"og:type\" content=\"article\" \/>\n<meta property=\"og:title\" content=\"Gi\u1edbi thi\u1ec7u - HOMESLAND\" \/>\n<meta property=\"og:description\" content=\"HOMESLAND.VN l\u00e0 \u0111\u01a1n v\u1ecb Chuy\u00ean Mua b\u00e1n v\u00e0 Cho thu\u00ea B\u1ea5t \u0111\u1ed9ng s\u1ea3n t\u1ea1i H\u00e0 N\u1ed9i. T\u1ea5t c\u1ea3 c\u00e1c th\u00e0nh vi\u00ean c\u1ee7a HOMESLAND \u0111\u1ec1u d\u01b0\u1edbi 30 tu\u1ed5i v\u00e0 ph\u1ea7n l\u1edbn t\u1eebng l\u00e0m vi\u1ec7c ho\u1eb7c t\u00ecnh nguy\u1ec7n trong l\u0129nh v\u1ef1c phi l\u1ee3i nhu\u1eadn, V\u00ec v\u1eady Ch\u00fang t\u00f4i \u0111\u1ea3m b\u1ea3o s\u1ebd mang \u0111\u1ebfn cho b\u1ea1n \u0111\u1ea7y \u0111\u1ee7 nh\u1eefng th\u00f4ng tin ch\u00ednh x\u00e1c v\u1ec1 b\u1ea5t \u0111\u1ed9ng s\u1ea3n m\u00e0 b\u1ea1n quan t\u00e2m thay v\u00ec ch\u1ea1y theo l\u1ee3i nhu\u1eadn. Gi\u1ed1ng nh\u01b0 nhi\u1ec1u c\u00e1c c\u00f4ng ty Startup kh\u00e1c, m\u1ed9t trong nh\u1eefng \u0111i\u1ec1u ch\u00fang t\u00f4i \u0111em \u0111\u1ebfn cho b\u1ea1n l\u00e0 s\u1ef1 Nhi\u1ec7t T\u00ecnh v\u00e0 N\u0103ng \u0110\u1ed9ng trong\" \/>\n<meta property=\"og:url\" content=\"https:\/\/homesland.vn\/blog\/gioi-thieu\" \/>\n<meta property=\"og:site_name\" content=\"HOMESLAND\" \/>\n<meta property=\"article:modified_time\" content=\"2019-11-23T17:01:53+00:00\" \/>\n<meta property=\"og:image\" content=\"http:\/\/homesland.vn\/blog\/wp-content\/uploads\/2019\/11\/logo-Homesland-250px-2019.png\" \/>\n<meta name=\"twitter:card\" content=\"summary_large_image\" \/>\n<script type=\"application\/ld+json\" class=\"yoast-schema-graph\">{\"@context\":\"https:\/\/schema.org\",\"@graph\":[{\"@type\":\"WebPage\",\"@id\":\"https:\/\/homesland.vn\/blog\/gioi-thieu\",\"url\":\"https:\/\/homesland.vn\/blog\/gioi-thieu\",\"name\":\"Gi\u1edbi thi\u1ec7u - HOMESLAND\",\"isPartOf\":{\"@id\":\"https:\/\/homesland.vn\/blog\/#website\"},\"datePublished\":\"2015-10-23T04:23:40+00:00\",\"dateModified\":\"2019-11-23T17:01:53+00:00\",\"breadcrumb\":{\"@id\":\"https:\/\/homesland.vn\/blog\/gioi-thieu#breadcrumb\"},\"inLanguage\":\"vi\",\"potentialAction\":[{\"@type\":\"ReadAction\",\"target\":[\"https:\/\/homesland.vn\/blog\/gioi-thieu\"]}]},{\"@type\":\"BreadcrumbList\",\"@id\":\"https:\/\/homesland.vn\/blog\/gioi-thieu#breadcrumb\",\"itemListElement\":[{\"@type\":\"ListItem\",\"position\":1,\"name\":\"Home\",\"item\":\"https:\/\/homesland.vn\/blog\/\"},{\"@type\":\"ListItem\",\"position\":2,\"name\":\"Gi\u1edbi thi\u1ec7u\"}]},{\"@type\":\"WebSite\",\"@id\":\"https:\/\/homesland.vn\/blog\/#website\",\"url\":\"https:\/\/homesland.vn\/blog\/\",\"name\":\"HOMESLAND\",\"description\":\"Real Estale\",\"potentialAction\":[{\"@type\":\"SearchAction\",\"target\":{\"@type\":\"EntryPoint\",\"urlTemplate\":\"https:\/\/homesland.vn\/blog\/?s={search_term_string}\"},\"query-input\":\"required name=search_term_string\"}],\"inLanguage\":\"vi\"}]}<\/script>\n<!-- \/ Yoast SEO plugin. -->","yoast_head_json":{"title":"Gi\u1edbi thi\u1ec7u - HOMESLAND","robots":{"index":"index","follow":"follow","max-snippet":"max-snippet:-1","max-image-preview":"max-image-preview:large","max-video-preview":"max-video-preview:-1"},"canonical":"https:\/\/homesland.vn\/blog\/gioi-thieu","og_locale":"vi_VN","og_type":"article","og_title":"Gi\u1edbi thi\u1ec7u - HOMESLAND","og_description":"HOMESLAND.VN l\u00e0 \u0111\u01a1n v\u1ecb Chuy\u00ean Mua b\u00e1n v\u00e0 Cho thu\u00ea B\u1ea5t \u0111\u1ed9ng s\u1ea3n t\u1ea1i H\u00e0 N\u1ed9i. T\u1ea5t c\u1ea3 c\u00e1c th\u00e0nh vi\u00ean c\u1ee7a HOMESLAND \u0111\u1ec1u d\u01b0\u1edbi 30 tu\u1ed5i v\u00e0 ph\u1ea7n l\u1edbn t\u1eebng l\u00e0m vi\u1ec7c ho\u1eb7c t\u00ecnh nguy\u1ec7n trong l\u0129nh v\u1ef1c phi l\u1ee3i nhu\u1eadn, V\u00ec v\u1eady Ch\u00fang t\u00f4i \u0111\u1ea3m b\u1ea3o s\u1ebd mang \u0111\u1ebfn cho b\u1ea1n \u0111\u1ea7y \u0111\u1ee7 nh\u1eefng th\u00f4ng tin ch\u00ednh x\u00e1c v\u1ec1 b\u1ea5t \u0111\u1ed9ng s\u1ea3n m\u00e0 b\u1ea1n quan t\u00e2m thay v\u00ec ch\u1ea1y theo l\u1ee3i nhu\u1eadn. Gi\u1ed1ng nh\u01b0 nhi\u1ec1u c\u00e1c c\u00f4ng ty Startup kh\u00e1c, m\u1ed9t trong nh\u1eefng \u0111i\u1ec1u ch\u00fang t\u00f4i \u0111em \u0111\u1ebfn cho b\u1ea1n l\u00e0 s\u1ef1 Nhi\u1ec7t T\u00ecnh v\u00e0 N\u0103ng \u0110\u1ed9ng trong","og_url":"https:\/\/homesland.vn\/blog\/gioi-thieu","og_site_name":"HOMESLAND","article_modified_time":"2019-11-23T17:01:53+00:00","og_image":[{"url":"http:\/\/homesland.vn\/blog\/wp-content\/uploads\/2019\/11\/logo-Homesland-250px-2019.png"}],"twitter_card":"summary_large_image","schema":{"@context":"https:\/\/schema.org","@graph":[{"@type":"WebPage","@id":"https:\/\/homesland.vn\/blog\/gioi-thieu","url":"https:\/\/homesland.vn\/blog\/gioi-thieu","name":"Gi\u1edbi thi\u1ec7u - HOMESLAND","isPartOf":{"@id":"https:\/\/homesland.vn\/blog\/#website"},"datePublished":"2015-10-23T04:23:40+00:00","dateModified":"2019-11-23T17:01:53+00:00","breadcrumb":{"@id":"https:\/\/homesland.vn\/blog\/gioi-thieu#breadcrumb"},"inLanguage":"vi","potentialAction":[{"@type":"ReadAction","target":["https:\/\/homesland.vn\/blog\/gioi-thieu"]}]},{"@type":"BreadcrumbList","@id":"https:\/\/homesland.vn\/blog\/gioi-thieu#breadcrumb","itemListElement":[{"@type":"ListItem","position":1,"name":"Home","item":"https:\/\/homesland.vn\/blog\/"},{"@type":"ListItem","position":2,"name":"Gi\u1edbi thi\u1ec7u"}]},{"@type":"WebSite","@id":"https:\/\/homesland.vn\/blog\/#website","url":"https:\/\/homesland.vn\/blog\/","name":"HOMESLAND","description":"Real Estale","potentialAction":[{"@type":"SearchAction","target":{"@type":"EntryPoint","urlTemplate":"https:\/\/homesland.vn\/blog\/?s={search_term_string}"},"query-input":"required name=search_term_string"}],"inLanguage":"vi"}]}},"_links":{"self":[{"href":"https:\/\/homesland.vn\/blog\/wp-json\/wp\/v2\/pages\/2"}],"collection":[{"href":"https:\/\/homesland.vn\/blog\/wp-json\/wp\/v2\/pages"}],"about":[{"href":"https:\/\/homesland.vn\/blog\/wp-json\/wp\/v2\/types\/page"}],"author":[{"embeddable":true,"href":"https:\/\/homesland.vn\/blog\/wp-json\/wp\/v2\/users\/3"}],"replies":[{"embeddable":true,"href":"https:\/\/homesland.vn\/blog\/wp-json\/wp\/v2\/comments?post=2"}],"version-history":[{"count":15,"href":"https:\/\/homesland.vn\/blog\/wp-json\/wp\/v2\/pages\/2\/revisions"}],"predecessor-version":[{"id":5545,"href":"https:\/\/homesland.vn\/blog\/wp-json\/wp\/v2\/pages\/2\/revisions\/5545"}],"wp:attachment":[{"href":"https:\/\/homesland.vn\/blog\/wp-json\/wp\/v2\/media?parent=2"}],"curies":[{"name":"wp","href":"https:\/\/api.w.org\/{rel}","templated":true}]}}